{"id":1695215,"date":"2025-04-11T04:31:32","date_gmt":"2025-04-11T02:31:32","guid":{"rendered":"https:\/\/streetmarkets.fr\/app\/produit\/chemise-lin-navy\/"},"modified":"2026-05-10T04:31:23","modified_gmt":"2026-05-10T02:31:23","slug":"chemise-lin-navy","status":"publish","type":"product","link":"https:\/\/streetmarkets.fr\/app\/produit\/chemise-lin-navy\/","title":{"rendered":"Chemise lin navy"},"content":{"rendered":"<p><span>Cet \u00e9t\u00e9, ne n\u00e9gligez pas l&#8217;\u00e9l\u00e9gance des chemises. Optez pour nos chemises 100% lin fabriqu\u00e9es en France. Portez la avec nos shorts en lin et des espadrilles, un look ind\u00e9modable.<\/span><\/p>\n","protected":false},"excerpt":{"rendered":"<p>Cet \u00e9t\u00e9, ne n\u00e9gligez pas l&#8217;\u00e9l\u00e9gance des chemises. Optez pour nos chemises 100% lin fabriqu\u00e9es en France. Portez la avec nos shorts en lin et des espadrilles, un look ind\u00e9modable.<\/p>\n","protected":false},"featured_media":1695216,"comment_status":"open","ping_status":"closed","template":"","meta":[],"product_brand":[],"product_cat":[1756,1758],"product_tag":[1810],"acf":[],"_links":{"self":[{"href":"https:\/\/streetmarkets.fr\/app\/wp-json\/wp\/v2\/product\/1695215"}],"collection":[{"href":"https:\/\/streetmarkets.fr\/app\/wp-json\/wp\/v2\/product"}],"about":[{"href":"https:\/\/streetmarkets.fr\/app\/wp-json\/wp\/v2\/types\/product"}],"replies":[{"embeddable":true,"href":"https:\/\/streetmarkets.fr\/app\/wp-json\/wp\/v2\/comments?post=1695215"}],"wp:featuredmedia":[{"embeddable":true,"href":"https:\/\/streetmarkets.fr\/app\/wp-json\/wp\/v2\/media\/1695216"}],"wp:attachment":[{"href":"https:\/\/streetmarkets.fr\/app\/wp-json\/wp\/v2\/media?parent=1695215"}],"wp:term":[{"taxonomy":"product_brand","embeddable":true,"href":"https:\/\/streetmarkets.fr\/app\/wp-json\/wp\/v2\/product_brand?post=1695215"},{"taxonomy":"product_cat","embeddable":true,"href":"https:\/\/streetmarkets.fr\/app\/wp-json\/wp\/v2\/product_cat?post=1695215"},{"taxonomy":"product_tag","embeddable":true,"href":"https:\/\/streetmarkets.fr\/app\/wp-json\/wp\/v2\/product_tag?post=1695215"}],"curies":[{"name":"wp","href":"https:\/\/api.w.org\/{rel}","templated":true}]}}