{"id":1695169,"date":"2025-04-11T04:31:27","date_gmt":"2025-04-11T02:31:27","guid":{"rendered":"https:\/\/streetmarkets.fr\/app\/produit\/short-lin-anthracite\/"},"modified":"2026-05-03T04:31:24","modified_gmt":"2026-05-03T02:31:24","slug":"short-lin-anthracite","status":"publish","type":"product","link":"https:\/\/streetmarkets.fr\/app\/produit\/short-lin-anthracite\/","title":{"rendered":"Short lin anthracite"},"content":{"rendered":"<p><span>Quand les temp\u00e9ratures augmentent, passez au short! Il remplacera facilement vos chinos et jeans. Facile \u00e0 porter, vous pouvez l&#8217;associez \u00e0 nos chemises, t-shirts ou encore polos.<\/span><\/p>\n","protected":false},"excerpt":{"rendered":"<p>Quand les temp\u00e9ratures augmentent, passez au short! Il remplacera facilement vos chinos et jeans. Facile \u00e0 porter, vous pouvez l&#8217;associez \u00e0 nos chemises, t-shirts ou encore polos.<\/p>\n","protected":false},"featured_media":1695170,"comment_status":"open","ping_status":"closed","template":"","meta":[],"product_brand":[],"product_cat":[1756,1758],"product_tag":[1810],"acf":[],"_links":{"self":[{"href":"https:\/\/streetmarkets.fr\/app\/wp-json\/wp\/v2\/product\/1695169"}],"collection":[{"href":"https:\/\/streetmarkets.fr\/app\/wp-json\/wp\/v2\/product"}],"about":[{"href":"https:\/\/streetmarkets.fr\/app\/wp-json\/wp\/v2\/types\/product"}],"replies":[{"embeddable":true,"href":"https:\/\/streetmarkets.fr\/app\/wp-json\/wp\/v2\/comments?post=1695169"}],"wp:featuredmedia":[{"embeddable":true,"href":"https:\/\/streetmarkets.fr\/app\/wp-json\/wp\/v2\/media\/1695170"}],"wp:attachment":[{"href":"https:\/\/streetmarkets.fr\/app\/wp-json\/wp\/v2\/media?parent=1695169"}],"wp:term":[{"taxonomy":"product_brand","embeddable":true,"href":"https:\/\/streetmarkets.fr\/app\/wp-json\/wp\/v2\/product_brand?post=1695169"},{"taxonomy":"product_cat","embeddable":true,"href":"https:\/\/streetmarkets.fr\/app\/wp-json\/wp\/v2\/product_cat?post=1695169"},{"taxonomy":"product_tag","embeddable":true,"href":"https:\/\/streetmarkets.fr\/app\/wp-json\/wp\/v2\/product_tag?post=1695169"}],"curies":[{"name":"wp","href":"https:\/\/api.w.org\/{rel}","templated":true}]}}