{"id":1695143,"date":"2025-04-11T04:31:23","date_gmt":"2025-04-11T02:31:23","guid":{"rendered":"https:\/\/streetmarkets.fr\/app\/produit\/pantalon-lin-sable\/"},"modified":"2026-05-10T04:31:22","modified_gmt":"2026-05-10T02:31:22","slug":"pantalon-lin-sable","status":"publish","type":"product","link":"https:\/\/streetmarkets.fr\/app\/produit\/pantalon-lin-sable\/","title":{"rendered":"Pantalon lin sable"},"content":{"rendered":"<p><span>Versatile, notre pantalon fait en fibres naturelles de lin et de coton vous accompagnera toute la saison. Vous ne pourrez pas vous trompez gr\u00e2ce \u00e0 son coloris neutre \u00e9cru.<\/span><\/p>\n","protected":false},"excerpt":{"rendered":"<p>Versatile, notre pantalon fait en fibres naturelles de lin et de coton vous accompagnera toute la saison. Vous ne pourrez pas vous trompez gr\u00e2ce \u00e0 son coloris neutre \u00e9cru.<\/p>\n","protected":false},"featured_media":1695144,"comment_status":"open","ping_status":"closed","template":"","meta":[],"product_brand":[],"product_cat":[1756,1758],"product_tag":[1810],"acf":[],"_links":{"self":[{"href":"https:\/\/streetmarkets.fr\/app\/wp-json\/wp\/v2\/product\/1695143"}],"collection":[{"href":"https:\/\/streetmarkets.fr\/app\/wp-json\/wp\/v2\/product"}],"about":[{"href":"https:\/\/streetmarkets.fr\/app\/wp-json\/wp\/v2\/types\/product"}],"replies":[{"embeddable":true,"href":"https:\/\/streetmarkets.fr\/app\/wp-json\/wp\/v2\/comments?post=1695143"}],"wp:featuredmedia":[{"embeddable":true,"href":"https:\/\/streetmarkets.fr\/app\/wp-json\/wp\/v2\/media\/1695144"}],"wp:attachment":[{"href":"https:\/\/streetmarkets.fr\/app\/wp-json\/wp\/v2\/media?parent=1695143"}],"wp:term":[{"taxonomy":"product_brand","embeddable":true,"href":"https:\/\/streetmarkets.fr\/app\/wp-json\/wp\/v2\/product_brand?post=1695143"},{"taxonomy":"product_cat","embeddable":true,"href":"https:\/\/streetmarkets.fr\/app\/wp-json\/wp\/v2\/product_cat?post=1695143"},{"taxonomy":"product_tag","embeddable":true,"href":"https:\/\/streetmarkets.fr\/app\/wp-json\/wp\/v2\/product_tag?post=1695143"}],"curies":[{"name":"wp","href":"https:\/\/api.w.org\/{rel}","templated":true}]}}