{"id":1695120,"date":"2025-04-11T04:31:20","date_gmt":"2025-04-11T02:31:20","guid":{"rendered":"https:\/\/streetmarkets.fr\/app\/produit\/surchemise-lin-navy\/"},"modified":"2026-05-08T04:31:29","modified_gmt":"2026-05-08T02:31:29","slug":"surchemise-lin-navy","status":"publish","type":"product","link":"https:\/\/streetmarkets.fr\/app\/produit\/surchemise-lin-navy\/","title":{"rendered":"Surchemise lin navy"},"content":{"rendered":"<p><span>La surchemise mi lin mi coton vous suivra du printemps jusqu&#8217;\u00e0 la fin des beaux jours. L\u00e9g\u00e8re et r\u00e9sistante, c&#8217;est la surchemise casual de la saison. On adore le total look en lin que vous pourrez cr\u00e9er avec nos pantalons.<\/span><\/p>\n","protected":false},"excerpt":{"rendered":"<p>La surchemise mi lin mi coton vous suivra du printemps jusqu&#8217;\u00e0 la fin des beaux jours. L\u00e9g\u00e8re et r\u00e9sistante, c&#8217;est la surchemise casual de la saison. On adore le total look en lin que vous pourrez cr\u00e9er avec nos pantalons.<\/p>\n","protected":false},"featured_media":1695121,"comment_status":"open","ping_status":"closed","template":"","meta":[],"product_brand":[],"product_cat":[1756,1758],"product_tag":[1810],"acf":[],"_links":{"self":[{"href":"https:\/\/streetmarkets.fr\/app\/wp-json\/wp\/v2\/product\/1695120"}],"collection":[{"href":"https:\/\/streetmarkets.fr\/app\/wp-json\/wp\/v2\/product"}],"about":[{"href":"https:\/\/streetmarkets.fr\/app\/wp-json\/wp\/v2\/types\/product"}],"replies":[{"embeddable":true,"href":"https:\/\/streetmarkets.fr\/app\/wp-json\/wp\/v2\/comments?post=1695120"}],"wp:featuredmedia":[{"embeddable":true,"href":"https:\/\/streetmarkets.fr\/app\/wp-json\/wp\/v2\/media\/1695121"}],"wp:attachment":[{"href":"https:\/\/streetmarkets.fr\/app\/wp-json\/wp\/v2\/media?parent=1695120"}],"wp:term":[{"taxonomy":"product_brand","embeddable":true,"href":"https:\/\/streetmarkets.fr\/app\/wp-json\/wp\/v2\/product_brand?post=1695120"},{"taxonomy":"product_cat","embeddable":true,"href":"https:\/\/streetmarkets.fr\/app\/wp-json\/wp\/v2\/product_cat?post=1695120"},{"taxonomy":"product_tag","embeddable":true,"href":"https:\/\/streetmarkets.fr\/app\/wp-json\/wp\/v2\/product_tag?post=1695120"}],"curies":[{"name":"wp","href":"https:\/\/api.w.org\/{rel}","templated":true}]}}