{"id":1695054,"date":"2025-04-11T04:31:13","date_gmt":"2025-04-11T02:31:13","guid":{"rendered":"https:\/\/streetmarkets.fr\/app\/produit\/polo-lin-navy\/"},"modified":"2026-05-08T04:31:29","modified_gmt":"2026-05-08T02:31:29","slug":"polo-lin-navy","status":"publish","type":"product","link":"https:\/\/streetmarkets.fr\/app\/produit\/polo-lin-navy\/","title":{"rendered":"Polo lin navy"},"content":{"rendered":"<p><span>Quoi de mieux en \u00e9t\u00e9 qu&#8217;un polo en lin made in France? Peu de choses croyez-nous. Chez Rue Begand, on le d\u00e9cline en 4 coloris afin que vous ayez le coup de coeur. Etre confortable et avoir du style c&#8217;est tr\u00e8s facile quand vous portez du Rue Begand!<\/span><\/p>\n","protected":false},"excerpt":{"rendered":"<p>Quoi de mieux en \u00e9t\u00e9 qu&#8217;un polo en lin made in France? Peu de choses croyez-nous. Chez Rue Begand, on le d\u00e9cline en 4 coloris afin que vous ayez le coup de coeur. Etre confortable et avoir du style c&#8217;est tr\u00e8s facile quand vous portez du Rue Begand!<\/p>\n","protected":false},"featured_media":1695055,"comment_status":"open","ping_status":"closed","template":"","meta":[],"product_brand":[],"product_cat":[1756,1758],"product_tag":[1810],"acf":[],"_links":{"self":[{"href":"https:\/\/streetmarkets.fr\/app\/wp-json\/wp\/v2\/product\/1695054"}],"collection":[{"href":"https:\/\/streetmarkets.fr\/app\/wp-json\/wp\/v2\/product"}],"about":[{"href":"https:\/\/streetmarkets.fr\/app\/wp-json\/wp\/v2\/types\/product"}],"replies":[{"embeddable":true,"href":"https:\/\/streetmarkets.fr\/app\/wp-json\/wp\/v2\/comments?post=1695054"}],"wp:featuredmedia":[{"embeddable":true,"href":"https:\/\/streetmarkets.fr\/app\/wp-json\/wp\/v2\/media\/1695055"}],"wp:attachment":[{"href":"https:\/\/streetmarkets.fr\/app\/wp-json\/wp\/v2\/media?parent=1695054"}],"wp:term":[{"taxonomy":"product_brand","embeddable":true,"href":"https:\/\/streetmarkets.fr\/app\/wp-json\/wp\/v2\/product_brand?post=1695054"},{"taxonomy":"product_cat","embeddable":true,"href":"https:\/\/streetmarkets.fr\/app\/wp-json\/wp\/v2\/product_cat?post=1695054"},{"taxonomy":"product_tag","embeddable":true,"href":"https:\/\/streetmarkets.fr\/app\/wp-json\/wp\/v2\/product_tag?post=1695054"}],"curies":[{"name":"wp","href":"https:\/\/api.w.org\/{rel}","templated":true}]}}