{"id":1695014,"date":"2025-04-11T04:30:54","date_gmt":"2025-04-11T02:30:54","guid":{"rendered":"https:\/\/streetmarkets.fr\/app\/produit\/crewneck-bouclette-avalanche\/"},"modified":"2026-05-10T04:31:01","modified_gmt":"2026-05-10T02:31:01","slug":"crewneck-bouclette-avalanche","status":"publish","type":"product","link":"https:\/\/streetmarkets.fr\/app\/produit\/crewneck-bouclette-avalanche\/","title":{"rendered":"Crewneck bouclette avalanche"},"content":{"rendered":"<p><span>Ce superbe sweatshirt 100% coton servira \u00e0 vous couvrir sans vous donnez trop chaud. Il conviendra aux jours plus frais. Vous pourrez ais\u00e9ment l&#8217;associer \u00e0 toutes les pi\u00e8ces de votre garde robe dans ce blanc.<\/span><\/p>\n","protected":false},"excerpt":{"rendered":"<p>Ce superbe sweatshirt 100% coton servira \u00e0 vous couvrir sans vous donnez trop chaud. Il conviendra aux jours plus frais. Vous pourrez ais\u00e9ment l&#8217;associer \u00e0 toutes les pi\u00e8ces de votre garde robe dans ce blanc.<\/p>\n","protected":false},"featured_media":1695015,"comment_status":"open","ping_status":"closed","template":"","meta":[],"product_brand":[],"product_cat":[1756,1758],"product_tag":[1810],"acf":[],"_links":{"self":[{"href":"https:\/\/streetmarkets.fr\/app\/wp-json\/wp\/v2\/product\/1695014"}],"collection":[{"href":"https:\/\/streetmarkets.fr\/app\/wp-json\/wp\/v2\/product"}],"about":[{"href":"https:\/\/streetmarkets.fr\/app\/wp-json\/wp\/v2\/types\/product"}],"replies":[{"embeddable":true,"href":"https:\/\/streetmarkets.fr\/app\/wp-json\/wp\/v2\/comments?post=1695014"}],"wp:featuredmedia":[{"embeddable":true,"href":"https:\/\/streetmarkets.fr\/app\/wp-json\/wp\/v2\/media\/1695015"}],"wp:attachment":[{"href":"https:\/\/streetmarkets.fr\/app\/wp-json\/wp\/v2\/media?parent=1695014"}],"wp:term":[{"taxonomy":"product_brand","embeddable":true,"href":"https:\/\/streetmarkets.fr\/app\/wp-json\/wp\/v2\/product_brand?post=1695014"},{"taxonomy":"product_cat","embeddable":true,"href":"https:\/\/streetmarkets.fr\/app\/wp-json\/wp\/v2\/product_cat?post=1695014"},{"taxonomy":"product_tag","embeddable":true,"href":"https:\/\/streetmarkets.fr\/app\/wp-json\/wp\/v2\/product_tag?post=1695014"}],"curies":[{"name":"wp","href":"https:\/\/api.w.org\/{rel}","templated":true}]}}