{"id":1695004,"date":"2025-04-11T04:30:52","date_gmt":"2025-04-11T02:30:52","guid":{"rendered":"https:\/\/streetmarkets.fr\/app\/produit\/polo-bouclette-navy\/"},"modified":"2026-05-10T04:31:01","modified_gmt":"2026-05-10T02:31:01","slug":"polo-bouclette-navy","status":"publish","type":"product","link":"https:\/\/streetmarkets.fr\/app\/produit\/polo-bouclette-navy\/","title":{"rendered":"Polo bouclette navy"},"content":{"rendered":"<p><span>Retrouvez les polos en tissu \u00e9ponge dans une version am\u00e9lior\u00e9e qui garde cependant ses atout. Ils arborent des d\u00e9tails rappelant notre French Touch. Si vous l&#8217;aviez rat\u00e9, le coloris bleu marine revient pour vous! Il vous ira \u00e0 merveille, on le sait.<\/span><\/p>\n","protected":false},"excerpt":{"rendered":"<p>Retrouvez les polos en tissu \u00e9ponge dans une version am\u00e9lior\u00e9e qui garde cependant ses atout. Ils arborent des d\u00e9tails rappelant notre French Touch. Si vous l&#8217;aviez rat\u00e9, le coloris bleu marine revient pour vous! Il vous ira \u00e0 merveille, on le sait.<\/p>\n","protected":false},"featured_media":1695005,"comment_status":"open","ping_status":"closed","template":"","meta":[],"product_brand":[],"product_cat":[1756,1758],"product_tag":[1810],"acf":[],"_links":{"self":[{"href":"https:\/\/streetmarkets.fr\/app\/wp-json\/wp\/v2\/product\/1695004"}],"collection":[{"href":"https:\/\/streetmarkets.fr\/app\/wp-json\/wp\/v2\/product"}],"about":[{"href":"https:\/\/streetmarkets.fr\/app\/wp-json\/wp\/v2\/types\/product"}],"replies":[{"embeddable":true,"href":"https:\/\/streetmarkets.fr\/app\/wp-json\/wp\/v2\/comments?post=1695004"}],"wp:featuredmedia":[{"embeddable":true,"href":"https:\/\/streetmarkets.fr\/app\/wp-json\/wp\/v2\/media\/1695005"}],"wp:attachment":[{"href":"https:\/\/streetmarkets.fr\/app\/wp-json\/wp\/v2\/media?parent=1695004"}],"wp:term":[{"taxonomy":"product_brand","embeddable":true,"href":"https:\/\/streetmarkets.fr\/app\/wp-json\/wp\/v2\/product_brand?post=1695004"},{"taxonomy":"product_cat","embeddable":true,"href":"https:\/\/streetmarkets.fr\/app\/wp-json\/wp\/v2\/product_cat?post=1695004"},{"taxonomy":"product_tag","embeddable":true,"href":"https:\/\/streetmarkets.fr\/app\/wp-json\/wp\/v2\/product_tag?post=1695004"}],"curies":[{"name":"wp","href":"https:\/\/api.w.org\/{rel}","templated":true}]}}