{"id":1694994,"date":"2025-04-11T04:30:51","date_gmt":"2025-04-11T02:30:51","guid":{"rendered":"https:\/\/streetmarkets.fr\/app\/produit\/polo-bouclette-avalanche\/"},"modified":"2026-05-08T04:31:06","modified_gmt":"2026-05-08T02:31:06","slug":"polo-bouclette-avalanche","status":"publish","type":"product","link":"https:\/\/streetmarkets.fr\/app\/produit\/polo-bouclette-avalanche\/","title":{"rendered":"Polo bouclette avalanche"},"content":{"rendered":"<p><span>Retrouvez les polos en tissu \u00e9ponge dans une version am\u00e9lior\u00e9e qui garde cependant ses atout. Ils arborent des d\u00e9tails rappelant notre French Touch. Dans ce beau blanc, il deviendra votre article pr\u00e9f\u00e9r\u00e9 de cet \u00e9t\u00e9.<\/span><\/p>\n","protected":false},"excerpt":{"rendered":"<p>Retrouvez les polos en tissu \u00e9ponge dans une version am\u00e9lior\u00e9e qui garde cependant ses atout. Ils arborent des d\u00e9tails rappelant notre French Touch. Dans ce beau blanc, il deviendra votre article pr\u00e9f\u00e9r\u00e9 de cet \u00e9t\u00e9.<\/p>\n","protected":false},"featured_media":1694995,"comment_status":"open","ping_status":"closed","template":"","meta":[],"product_brand":[],"product_cat":[1756,1758],"product_tag":[1810],"acf":[],"_links":{"self":[{"href":"https:\/\/streetmarkets.fr\/app\/wp-json\/wp\/v2\/product\/1694994"}],"collection":[{"href":"https:\/\/streetmarkets.fr\/app\/wp-json\/wp\/v2\/product"}],"about":[{"href":"https:\/\/streetmarkets.fr\/app\/wp-json\/wp\/v2\/types\/product"}],"replies":[{"embeddable":true,"href":"https:\/\/streetmarkets.fr\/app\/wp-json\/wp\/v2\/comments?post=1694994"}],"wp:featuredmedia":[{"embeddable":true,"href":"https:\/\/streetmarkets.fr\/app\/wp-json\/wp\/v2\/media\/1694995"}],"wp:attachment":[{"href":"https:\/\/streetmarkets.fr\/app\/wp-json\/wp\/v2\/media?parent=1694994"}],"wp:term":[{"taxonomy":"product_brand","embeddable":true,"href":"https:\/\/streetmarkets.fr\/app\/wp-json\/wp\/v2\/product_brand?post=1694994"},{"taxonomy":"product_cat","embeddable":true,"href":"https:\/\/streetmarkets.fr\/app\/wp-json\/wp\/v2\/product_cat?post=1694994"},{"taxonomy":"product_tag","embeddable":true,"href":"https:\/\/streetmarkets.fr\/app\/wp-json\/wp\/v2\/product_tag?post=1694994"}],"curies":[{"name":"wp","href":"https:\/\/api.w.org\/{rel}","templated":true}]}}