{"id":1694976,"date":"2025-04-11T04:30:49","date_gmt":"2025-04-11T02:30:49","guid":{"rendered":"https:\/\/streetmarkets.fr\/app\/produit\/polo-sable\/"},"modified":"2026-05-01T04:31:12","modified_gmt":"2026-05-01T02:31:12","slug":"polo-sable","status":"publish","type":"product","link":"https:\/\/streetmarkets.fr\/app\/produit\/polo-sable\/","title":{"rendered":"Polo sable"},"content":{"rendered":"<p><span>Le polo couleur sable convient parfaitement \u00e0 la saison. Compos\u00e9 \u00e0 100% de coton, il est l\u00e9ger et confortable. Il \u00e9l\u00e8vera votre look gr\u00e2ce \u00e0 ses d\u00e9tails tels que ses bordures en zigzag. Associ\u00e9 \u00e0 une surchemise et un pantalon en lin du m\u00eame ton, vous avez la tenue chic et d\u00e9contract\u00e9e optimale.<\/span><\/p>\n","protected":false},"excerpt":{"rendered":"<p>Le polo couleur sable convient parfaitement \u00e0 la saison. Compos\u00e9 \u00e0 100% de coton, il est l\u00e9ger et confortable. Il \u00e9l\u00e8vera votre look gr\u00e2ce \u00e0 ses d\u00e9tails tels que ses bordures en zigzag. Associ\u00e9 \u00e0 une surchemise et un pantalon en lin du m\u00eame ton, vous avez la tenue chic et d\u00e9contract\u00e9e optimale.<\/p>\n","protected":false},"featured_media":1694977,"comment_status":"open","ping_status":"closed","template":"","meta":[],"product_brand":[],"product_cat":[1756,1758],"product_tag":[1810],"acf":[],"_links":{"self":[{"href":"https:\/\/streetmarkets.fr\/app\/wp-json\/wp\/v2\/product\/1694976"}],"collection":[{"href":"https:\/\/streetmarkets.fr\/app\/wp-json\/wp\/v2\/product"}],"about":[{"href":"https:\/\/streetmarkets.fr\/app\/wp-json\/wp\/v2\/types\/product"}],"replies":[{"embeddable":true,"href":"https:\/\/streetmarkets.fr\/app\/wp-json\/wp\/v2\/comments?post=1694976"}],"wp:featuredmedia":[{"embeddable":true,"href":"https:\/\/streetmarkets.fr\/app\/wp-json\/wp\/v2\/media\/1694977"}],"wp:attachment":[{"href":"https:\/\/streetmarkets.fr\/app\/wp-json\/wp\/v2\/media?parent=1694976"}],"wp:term":[{"taxonomy":"product_brand","embeddable":true,"href":"https:\/\/streetmarkets.fr\/app\/wp-json\/wp\/v2\/product_brand?post=1694976"},{"taxonomy":"product_cat","embeddable":true,"href":"https:\/\/streetmarkets.fr\/app\/wp-json\/wp\/v2\/product_cat?post=1694976"},{"taxonomy":"product_tag","embeddable":true,"href":"https:\/\/streetmarkets.fr\/app\/wp-json\/wp\/v2\/product_tag?post=1694976"}],"curies":[{"name":"wp","href":"https:\/\/api.w.org\/{rel}","templated":true}]}}