{"id":1694969,"date":"2025-04-11T04:30:48","date_gmt":"2025-04-11T02:30:48","guid":{"rendered":"https:\/\/streetmarkets.fr\/app\/produit\/polo-anthracite\/"},"modified":"2026-05-03T04:31:02","modified_gmt":"2026-05-03T02:31:02","slug":"polo-anthracite","status":"publish","type":"product","link":"https:\/\/streetmarkets.fr\/app\/produit\/polo-anthracite\/","title":{"rendered":"Polo anthracite"},"content":{"rendered":"<p><span>Le polo couleur anthracite convient parfaitement \u00e0 la saison. Compos\u00e9 \u00e0 100% de coton, il est l\u00e9ger et confortable. Il \u00e9l\u00e8vera votre look gr\u00e2ce \u00e0 ses d\u00e9tails tels que ses bordures en zigzag. Sa couleur neutre vous permettra de l&#8217;associer \u00e0 de nombreux shorts et pantalons.<\/span><\/p>\n","protected":false},"excerpt":{"rendered":"<p>Le polo couleur anthracite convient parfaitement \u00e0 la saison. Compos\u00e9 \u00e0 100% de coton, il est l\u00e9ger et confortable. Il \u00e9l\u00e8vera votre look gr\u00e2ce \u00e0 ses d\u00e9tails tels que ses bordures en zigzag. Sa couleur neutre vous permettra de l&#8217;associer \u00e0 de nombreux shorts et pantalons.<\/p>\n","protected":false},"featured_media":1694970,"comment_status":"open","ping_status":"closed","template":"","meta":[],"product_brand":[],"product_cat":[1756,1758],"product_tag":[1810],"acf":[],"_links":{"self":[{"href":"https:\/\/streetmarkets.fr\/app\/wp-json\/wp\/v2\/product\/1694969"}],"collection":[{"href":"https:\/\/streetmarkets.fr\/app\/wp-json\/wp\/v2\/product"}],"about":[{"href":"https:\/\/streetmarkets.fr\/app\/wp-json\/wp\/v2\/types\/product"}],"replies":[{"embeddable":true,"href":"https:\/\/streetmarkets.fr\/app\/wp-json\/wp\/v2\/comments?post=1694969"}],"wp:featuredmedia":[{"embeddable":true,"href":"https:\/\/streetmarkets.fr\/app\/wp-json\/wp\/v2\/media\/1694970"}],"wp:attachment":[{"href":"https:\/\/streetmarkets.fr\/app\/wp-json\/wp\/v2\/media?parent=1694969"}],"wp:term":[{"taxonomy":"product_brand","embeddable":true,"href":"https:\/\/streetmarkets.fr\/app\/wp-json\/wp\/v2\/product_brand?post=1694969"},{"taxonomy":"product_cat","embeddable":true,"href":"https:\/\/streetmarkets.fr\/app\/wp-json\/wp\/v2\/product_cat?post=1694969"},{"taxonomy":"product_tag","embeddable":true,"href":"https:\/\/streetmarkets.fr\/app\/wp-json\/wp\/v2\/product_tag?post=1694969"}],"curies":[{"name":"wp","href":"https:\/\/api.w.org\/{rel}","templated":true}]}}