{"id":1685979,"date":"2025-04-10T06:51:39","date_gmt":"2025-04-10T04:51:39","guid":{"rendered":"https:\/\/streetmarkets.fr\/app\/produit\/cuban-lighters-ss-shirt-3170\/"},"modified":"2026-03-16T05:46:43","modified_gmt":"2026-03-16T04:46:43","slug":"cuban-lighters-ss-shirt-3170","status":"publish","type":"product","link":"https:\/\/streetmarkets.fr\/app\/produit\/cuban-lighters-ss-shirt-3170\/","title":{"rendered":"Cuban Lighters SS Shirt 3170"},"content":{"rendered":"<p dir=\"auto\">D\u00e9couvrez la<strong> Cuban Lighters SS Shirt 3170<\/strong> de la marque <strong>Revolution<\/strong>, une chemise \u00e0 manches courtes id\u00e9ale <strong>pour les journ\u00e9es estivales<\/strong>. Confectionn\u00e9e dans un tissu de coton biologique l\u00e9ger, cette chemise pr\u00e9sente un <strong>tissage unique de fils fins et \u00e9pais<\/strong>, lui conf\u00e9rant une texture caract\u00e9ristique et l\u00e9g\u00e8rement rugueuse. Les fils de coton fins permettent \u00e0 la chaleur de s&#8217;\u00e9chapper, rendant cette chemise parfaite pour les chaudes journ\u00e9es d&#8217;\u00e9t\u00e9.<\/p>\n<p dir=\"auto\">L&#8217;<strong>imprim\u00e9 de la chemise lui donne un look vintage et ludique<\/strong>. Elle est dot\u00e9e d&#8217;un boutonnage avant avec des boutons \u00e0 4 trous ton sur ton et d&#8217;un col cubain, pour une finition \u00e9l\u00e9gante. La base arrondie facilite le port en superposition, tandis que le dos traditionnel \u00e0 double \u00e9paisseur avec un pli creux offre un confort suppl\u00e9mentaire.<\/p>\n<p dir=\"auto\"><strong>Parfaite pour un look d\u00e9contract\u00e9 et styl\u00e9<\/strong>, la Cuban Lighters SS Shirt 3170 est un incontournable de votre garde-robe estivale. Venez la d\u00e9couvrir chez <strong>Harold<\/strong>, votre boutique de pr\u00eat-\u00e0-porter homme au c\u0153ur du Marais \u00e0 Paris.<\/p>\n","protected":false},"excerpt":{"rendered":"<p>D\u00e9couvrez la Cuban Lighters SS Shirt 3170 de la marque Revolution, une chemise \u00e0 manches courtes id\u00e9ale pour les journ\u00e9es estivales. Confectionn\u00e9e dans un tissu de coton biologique l\u00e9ger, cette chemise pr\u00e9sente un tissage unique de fils fins et \u00e9pais, lui conf\u00e9rant une texture caract\u00e9ristique et l\u00e9g\u00e8rement rugueuse. Les fils de coton fins permettent \u00e0 [&hellip;]<\/p>\n","protected":false},"featured_media":1685980,"comment_status":"open","ping_status":"closed","template":"","meta":[],"product_brand":[],"product_cat":[1756,1758],"product_tag":[2244],"acf":[],"_links":{"self":[{"href":"https:\/\/streetmarkets.fr\/app\/wp-json\/wp\/v2\/product\/1685979"}],"collection":[{"href":"https:\/\/streetmarkets.fr\/app\/wp-json\/wp\/v2\/product"}],"about":[{"href":"https:\/\/streetmarkets.fr\/app\/wp-json\/wp\/v2\/types\/product"}],"replies":[{"embeddable":true,"href":"https:\/\/streetmarkets.fr\/app\/wp-json\/wp\/v2\/comments?post=1685979"}],"wp:featuredmedia":[{"embeddable":true,"href":"https:\/\/streetmarkets.fr\/app\/wp-json\/wp\/v2\/media\/1685980"}],"wp:attachment":[{"href":"https:\/\/streetmarkets.fr\/app\/wp-json\/wp\/v2\/media?parent=1685979"}],"wp:term":[{"taxonomy":"product_brand","embeddable":true,"href":"https:\/\/streetmarkets.fr\/app\/wp-json\/wp\/v2\/product_brand?post=1685979"},{"taxonomy":"product_cat","embeddable":true,"href":"https:\/\/streetmarkets.fr\/app\/wp-json\/wp\/v2\/product_cat?post=1685979"},{"taxonomy":"product_tag","embeddable":true,"href":"https:\/\/streetmarkets.fr\/app\/wp-json\/wp\/v2\/product_tag?post=1685979"}],"curies":[{"name":"wp","href":"https:\/\/api.w.org\/{rel}","templated":true}]}}