{"id":1674430,"date":"2025-04-08T08:42:32","date_gmt":"2025-04-08T06:42:32","guid":{"rendered":"https:\/\/streetmarkets.fr\/app\/produit\/collier-long-tibetain-en-strawberry-quartz-pink-sharing\/"},"modified":"2026-05-05T08:38:15","modified_gmt":"2026-05-05T06:38:15","slug":"collier-long-tibetain-en-strawberry-quartz-pink-sharing","status":"publish","type":"product","link":"https:\/\/streetmarkets.fr\/app\/produit\/collier-long-tibetain-en-strawberry-quartz-pink-sharing\/","title":{"rendered":"Collier long tib\u00e9tain en strawberry quartz pink &#8211; Sharing"},"content":{"rendered":"<div id=\"product-description-short-1300\" class=\"description-short\" data-mce-fragment=\"1\">\n<div class=\"mb-5 P22-BOOK limit-width\">Pendentif avec pierre principale en strawberry quartz pink facett\u00e9e, mont\u00e9 sur un fil r\u00e9sistant et associ\u00e9 \u00e0 des perles de tourmaline rose et de zirconium.<\/div>\n<div class=\"mb-5 P22-BOOK limit-width\"><\/div>\n<div class=\"mb-5 P22-BOOK limit-width\">Fil de couleur tabac<\/div>\n<div class=\"accordion limit-width\" id=\"accordionGroup\">\n<div class=\"accordion-item\">\n<div><\/div>\n<\/div>\n<\/div>\n<\/div>\n<div class=\"description-short\" data-mce-fragment=\"1\">\n<p data-mce-fragment=\"1\">\u00a0<\/p>\n<\/div>\n<div class=\"product-actions\" data-mce-fragment=\"1\">\n<section class=\"product-discounts\" data-mce-fragment=\"1\"><\/section>\n<div class=\"product-add-to-cart\" data-mce-fragment=\"1\">\n<div class=\"product-quantity clearfix\" data-mce-fragment=\"1\">\n<div class=\"qty clearfix\" data-mce-fragment=\"1\">\n<div class=\"input-group bootstrap-touchspin\" data-mce-fragment=\"1\"><\/div>\n<\/div>\n<\/div>\n<\/div>\n<\/div>\n","protected":false},"excerpt":{"rendered":"<p>Pendentif avec pierre principale en strawberry quartz pink facett\u00e9e, mont\u00e9 sur un fil r\u00e9sistant et associ\u00e9 \u00e0 des perles de tourmaline rose et de zirconium. Fil de couleur tabac \u00a0<\/p>\n","protected":false},"featured_media":1674431,"comment_status":"open","ping_status":"closed","template":"","meta":[],"product_brand":[],"product_cat":[1807,1756],"product_tag":[2244],"acf":[],"_links":{"self":[{"href":"https:\/\/streetmarkets.fr\/app\/wp-json\/wp\/v2\/product\/1674430"}],"collection":[{"href":"https:\/\/streetmarkets.fr\/app\/wp-json\/wp\/v2\/product"}],"about":[{"href":"https:\/\/streetmarkets.fr\/app\/wp-json\/wp\/v2\/types\/product"}],"replies":[{"embeddable":true,"href":"https:\/\/streetmarkets.fr\/app\/wp-json\/wp\/v2\/comments?post=1674430"}],"wp:featuredmedia":[{"embeddable":true,"href":"https:\/\/streetmarkets.fr\/app\/wp-json\/wp\/v2\/media\/1674431"}],"wp:attachment":[{"href":"https:\/\/streetmarkets.fr\/app\/wp-json\/wp\/v2\/media?parent=1674430"}],"wp:term":[{"taxonomy":"product_brand","embeddable":true,"href":"https:\/\/streetmarkets.fr\/app\/wp-json\/wp\/v2\/product_brand?post=1674430"},{"taxonomy":"product_cat","embeddable":true,"href":"https:\/\/streetmarkets.fr\/app\/wp-json\/wp\/v2\/product_cat?post=1674430"},{"taxonomy":"product_tag","embeddable":true,"href":"https:\/\/streetmarkets.fr\/app\/wp-json\/wp\/v2\/product_tag?post=1674430"}],"curies":[{"name":"wp","href":"https:\/\/api.w.org\/{rel}","templated":true}]}}