{"id":1655261,"date":"2025-04-05T05:22:27","date_gmt":"2025-04-05T03:22:27","guid":{"rendered":"https:\/\/streetmarkets.fr\/app\/produit\/robe-avril\/"},"modified":"2026-05-09T05:21:44","modified_gmt":"2026-05-09T03:21:44","slug":"robe-avril","status":"publish","type":"product","link":"https:\/\/streetmarkets.fr\/app\/produit\/robe-avril\/","title":{"rendered":"Robe AVRIL"},"content":{"rendered":"<p>Robe en viscose souple imprim\u00e9e: gros motif floral sur fond ciel clair.<br \/>\nMod\u00e8le doubl\u00e9 de coton, ajust\u00e9 \u00e0 la taille avec la possibilit\u00e9 de nou\u00e9 une ceinture.<br \/>\nAsym\u00e9trie sur la jupe.<br \/>\nPrendre votre taille habituelle<br \/>\nPrix: 248 \u20ac <\/p>\n<p> -20%= 198\u20ac<\/p>\n","protected":false},"excerpt":{"rendered":"<p>Robe en viscose souple imprim\u00e9e: gros motif floral sur fond ciel clair. Mod\u00e8le doubl\u00e9 de coton, ajust\u00e9 \u00e0 la taille avec la possibilit\u00e9 de nou\u00e9 une ceinture. Asym\u00e9trie sur la jupe. Prendre votre taille habituelle Prix: 248 \u20ac -20%= 198\u20ac<\/p>\n","protected":false},"featured_media":1655262,"comment_status":"open","ping_status":"closed","template":"","meta":[],"product_brand":[1310],"product_cat":[1756,1762],"product_tag":[1813],"acf":[],"_links":{"self":[{"href":"https:\/\/streetmarkets.fr\/app\/wp-json\/wp\/v2\/product\/1655261"}],"collection":[{"href":"https:\/\/streetmarkets.fr\/app\/wp-json\/wp\/v2\/product"}],"about":[{"href":"https:\/\/streetmarkets.fr\/app\/wp-json\/wp\/v2\/types\/product"}],"replies":[{"embeddable":true,"href":"https:\/\/streetmarkets.fr\/app\/wp-json\/wp\/v2\/comments?post=1655261"}],"wp:featuredmedia":[{"embeddable":true,"href":"https:\/\/streetmarkets.fr\/app\/wp-json\/wp\/v2\/media\/1655262"}],"wp:attachment":[{"href":"https:\/\/streetmarkets.fr\/app\/wp-json\/wp\/v2\/media?parent=1655261"}],"wp:term":[{"taxonomy":"product_brand","embeddable":true,"href":"https:\/\/streetmarkets.fr\/app\/wp-json\/wp\/v2\/product_brand?post=1655261"},{"taxonomy":"product_cat","embeddable":true,"href":"https:\/\/streetmarkets.fr\/app\/wp-json\/wp\/v2\/product_cat?post=1655261"},{"taxonomy":"product_tag","embeddable":true,"href":"https:\/\/streetmarkets.fr\/app\/wp-json\/wp\/v2\/product_tag?post=1655261"}],"curies":[{"name":"wp","href":"https:\/\/api.w.org\/{rel}","templated":true}]}}