{"id":1655210,"date":"2025-04-05T05:22:23","date_gmt":"2025-04-05T03:22:23","guid":{"rendered":"https:\/\/streetmarkets.fr\/app\/produit\/chemise-nina-argent\/"},"modified":"2026-05-08T05:21:30","modified_gmt":"2026-05-08T03:21:30","slug":"chemise-nina-argent","status":"publish","type":"product","link":"https:\/\/streetmarkets.fr\/app\/produit\/chemise-nina-argent\/","title":{"rendered":"Chemise Nina Argent"},"content":{"rendered":"<p>Chemise en coton et metal imprim\u00e9.<br \/>\nTissu doux l\u00e9ger et plut\u00f4t fluide.<\/p>\n<p>Prix: 148 \u20ac <\/p>\n<p> -15%= 125\u20ac<\/p>\n","protected":false},"excerpt":{"rendered":"<p>Chemise en coton et metal imprim\u00e9. Tissu doux l\u00e9ger et plut\u00f4t fluide. Prix: 148 \u20ac -15%= 125\u20ac<\/p>\n","protected":false},"featured_media":1655211,"comment_status":"open","ping_status":"closed","template":"","meta":[],"product_brand":[1310],"product_cat":[1756,1762],"product_tag":[1813],"acf":[],"_links":{"self":[{"href":"https:\/\/streetmarkets.fr\/app\/wp-json\/wp\/v2\/product\/1655210"}],"collection":[{"href":"https:\/\/streetmarkets.fr\/app\/wp-json\/wp\/v2\/product"}],"about":[{"href":"https:\/\/streetmarkets.fr\/app\/wp-json\/wp\/v2\/types\/product"}],"replies":[{"embeddable":true,"href":"https:\/\/streetmarkets.fr\/app\/wp-json\/wp\/v2\/comments?post=1655210"}],"wp:featuredmedia":[{"embeddable":true,"href":"https:\/\/streetmarkets.fr\/app\/wp-json\/wp\/v2\/media\/1655211"}],"wp:attachment":[{"href":"https:\/\/streetmarkets.fr\/app\/wp-json\/wp\/v2\/media?parent=1655210"}],"wp:term":[{"taxonomy":"product_brand","embeddable":true,"href":"https:\/\/streetmarkets.fr\/app\/wp-json\/wp\/v2\/product_brand?post=1655210"},{"taxonomy":"product_cat","embeddable":true,"href":"https:\/\/streetmarkets.fr\/app\/wp-json\/wp\/v2\/product_cat?post=1655210"},{"taxonomy":"product_tag","embeddable":true,"href":"https:\/\/streetmarkets.fr\/app\/wp-json\/wp\/v2\/product_tag?post=1655210"}],"curies":[{"name":"wp","href":"https:\/\/api.w.org\/{rel}","templated":true}]}}