{"id":1655172,"date":"2025-04-05T05:22:04","date_gmt":"2025-04-05T03:22:04","guid":{"rendered":"https:\/\/streetmarkets.fr\/app\/produit\/blouson-wax-bleu\/"},"modified":"2026-04-21T05:21:44","modified_gmt":"2026-04-21T03:21:44","slug":"blouson-wax-bleu","status":"publish","type":"product","link":"https:\/\/streetmarkets.fr\/app\/produit\/blouson-wax-bleu\/","title":{"rendered":"Blouson Wax bleu"},"content":{"rendered":"<p>Blouson \u00e0 la coupe r\u00e9tro en wax imprim\u00e9.<br \/>\nD\u00e9tails soign\u00e9s de passepoils, bord cote tricot\u00e9.<br \/>\nMod\u00e8le doubl\u00e9.<\/p>\n<p>Prix 248\u20ac<\/p>\n<p> -20%= 198\u20ac<\/p>\n","protected":false},"excerpt":{"rendered":"<p>Blouson \u00e0 la coupe r\u00e9tro en wax imprim\u00e9. D\u00e9tails soign\u00e9s de passepoils, bord cote tricot\u00e9. Mod\u00e8le doubl\u00e9. Prix 248\u20ac -20%= 198\u20ac<\/p>\n","protected":false},"featured_media":1655173,"comment_status":"open","ping_status":"closed","template":"","meta":[],"product_brand":[1310],"product_cat":[1756,1762],"product_tag":[1813],"acf":[],"_links":{"self":[{"href":"https:\/\/streetmarkets.fr\/app\/wp-json\/wp\/v2\/product\/1655172"}],"collection":[{"href":"https:\/\/streetmarkets.fr\/app\/wp-json\/wp\/v2\/product"}],"about":[{"href":"https:\/\/streetmarkets.fr\/app\/wp-json\/wp\/v2\/types\/product"}],"replies":[{"embeddable":true,"href":"https:\/\/streetmarkets.fr\/app\/wp-json\/wp\/v2\/comments?post=1655172"}],"wp:featuredmedia":[{"embeddable":true,"href":"https:\/\/streetmarkets.fr\/app\/wp-json\/wp\/v2\/media\/1655173"}],"wp:attachment":[{"href":"https:\/\/streetmarkets.fr\/app\/wp-json\/wp\/v2\/media?parent=1655172"}],"wp:term":[{"taxonomy":"product_brand","embeddable":true,"href":"https:\/\/streetmarkets.fr\/app\/wp-json\/wp\/v2\/product_brand?post=1655172"},{"taxonomy":"product_cat","embeddable":true,"href":"https:\/\/streetmarkets.fr\/app\/wp-json\/wp\/v2\/product_cat?post=1655172"},{"taxonomy":"product_tag","embeddable":true,"href":"https:\/\/streetmarkets.fr\/app\/wp-json\/wp\/v2\/product_tag?post=1655172"}],"curies":[{"name":"wp","href":"https:\/\/api.w.org\/{rel}","templated":true}]}}