{"id":1650102,"date":"2025-04-05T01:59:02","date_gmt":"2025-04-04T23:59:02","guid":{"rendered":"https:\/\/streetmarkets.fr\/app\/produit\/outerwear-veste-s25-homme-light-kaki\/"},"modified":"2025-10-02T01:59:56","modified_gmt":"2025-10-01T23:59:56","slug":"outerwear-veste-s25-homme-light-kaki","status":"publish","type":"product","link":"https:\/\/streetmarkets.fr\/app\/produit\/outerwear-veste-s25-homme-light-kaki\/","title":{"rendered":"Outerwear Veste (S25 \/ HOMME \/ Light Kaki)"},"content":{"rendered":"<p>Coupe impeccable et lignes affirm\u00e9es, cette veste s\u2019impose comme un indispensable de la saison. \u00c9l\u00e9gante et structur\u00e9e, elle est munie d\u2019un col chemise, d&#8217;une fermeture \u00e0 boutons pression et de deux poches poitrine plaqu\u00e9es \u00e0 rabat.<\/p>\n<p>&#8211; Veste Homme<br \/>\n<br \/>&#8211; Col chemise<br \/>\n<br \/>&#8211; Manches longues<br \/>\n<br \/>&#8211; Poignets boutonn\u00e9s<br \/>\n<br \/>&#8211; Fermeture \u00e0 boutons pression<br \/>\n<br \/>&#8211; 2 poches poitrine plaqu\u00e9es \u00e0 rabat<br \/>\n<br \/>&#8211; Coupe regular<\/p>\n","protected":false},"excerpt":{"rendered":"<p>Coupe impeccable et lignes affirm\u00e9es, cette veste s\u2019impose comme un indispensable de la saison. \u00c9l\u00e9gante et structur\u00e9e, elle est munie d\u2019un col chemise, d&#8217;une fermeture \u00e0 boutons pression et de deux poches poitrine plaqu\u00e9es \u00e0 rabat. &#8211; Veste Homme &#8211; Col chemise &#8211; Manches longues &#8211; Poignets boutonn\u00e9s &#8211; Fermeture \u00e0 boutons pression &#8211; 2 [&hellip;]<\/p>\n","protected":false},"featured_media":1650103,"comment_status":"open","ping_status":"closed","template":"","meta":[],"product_brand":[6868],"product_cat":[1756,1758],"product_tag":[2244],"acf":[],"_links":{"self":[{"href":"https:\/\/streetmarkets.fr\/app\/wp-json\/wp\/v2\/product\/1650102"}],"collection":[{"href":"https:\/\/streetmarkets.fr\/app\/wp-json\/wp\/v2\/product"}],"about":[{"href":"https:\/\/streetmarkets.fr\/app\/wp-json\/wp\/v2\/types\/product"}],"replies":[{"embeddable":true,"href":"https:\/\/streetmarkets.fr\/app\/wp-json\/wp\/v2\/comments?post=1650102"}],"wp:featuredmedia":[{"embeddable":true,"href":"https:\/\/streetmarkets.fr\/app\/wp-json\/wp\/v2\/media\/1650103"}],"wp:attachment":[{"href":"https:\/\/streetmarkets.fr\/app\/wp-json\/wp\/v2\/media?parent=1650102"}],"wp:term":[{"taxonomy":"product_brand","embeddable":true,"href":"https:\/\/streetmarkets.fr\/app\/wp-json\/wp\/v2\/product_brand?post=1650102"},{"taxonomy":"product_cat","embeddable":true,"href":"https:\/\/streetmarkets.fr\/app\/wp-json\/wp\/v2\/product_cat?post=1650102"},{"taxonomy":"product_tag","embeddable":true,"href":"https:\/\/streetmarkets.fr\/app\/wp-json\/wp\/v2\/product_tag?post=1650102"}],"curies":[{"name":"wp","href":"https:\/\/api.w.org\/{rel}","templated":true}]}}