{"id":1647907,"date":"2025-04-05T00:48:38","date_gmt":"2025-04-04T22:48:38","guid":{"rendered":"https:\/\/streetmarkets.fr\/app\/produit\/ciele-casquette-gocap-comp-century-seaweed-rainy-day\/"},"modified":"2026-04-18T00:49:18","modified_gmt":"2026-04-17T22:49:18","slug":"ciele-casquette-gocap-comp-century-seaweed-rainy-day","status":"publish","type":"product","link":"https:\/\/streetmarkets.fr\/app\/produit\/ciele-casquette-gocap-comp-century-seaweed-rainy-day\/","title":{"rendered":"Ciele casquette GOCap Comp Century Seaweed \/ Rainy Day"},"content":{"rendered":"<p dir=\"ltr\"><span>Si vous recherchez un mod\u00e8le styl\u00e9, pourvu d\u2019une bonne \u00e9lasticit\u00e9 et d\u2019un s\u00e9chage rapide, vous l\u2019avez trouv\u00e9.<\/span><span><br \/><\/span><span>En effet, la GOCap Comp est aujourd\u2019hui \u00e9quip\u00e9e d\u2019un tissu extensible FLEXweave comme base pour un confort ajust\u00e9 et une protection UPF +50. S\u2019ajoute \u00e0 cela l\u2019utilisation du textile COOLmatic | PLUS MIKRAmesh\u2122. Ses qualit\u00e9s reposent sur un refroidissement acc\u00e9l\u00e9r\u00e9, une \u00e9vacuation de l&#8217;humidit\u00e9 et une protection anti-odeurs.<\/span><\/p>\n<p dir=\"ltr\"><span>Tout nouveau !\u00a0 La GOCap Comp Century est disponible en 3 tailles pour vous permettre de trouver la bonne taille.<\/span><\/p>\n<p>Les tailles :<br \/>&#8211; M\/L : 58cm<br \/>&#8211; L\/XL : 60cm<\/p>\n","protected":false},"excerpt":{"rendered":"<p>Si vous recherchez un mod\u00e8le styl\u00e9, pourvu d\u2019une bonne \u00e9lasticit\u00e9 et d\u2019un s\u00e9chage rapide, vous l\u2019avez trouv\u00e9.En effet, la GOCap Comp est aujourd\u2019hui \u00e9quip\u00e9e d\u2019un tissu extensible FLEXweave comme base pour un confort ajust\u00e9 et une protection UPF +50. S\u2019ajoute \u00e0 cela l\u2019utilisation du textile COOLmatic | PLUS MIKRAmesh\u2122. Ses qualit\u00e9s reposent sur un refroidissement [&hellip;]<\/p>\n","protected":false},"featured_media":1647908,"comment_status":"open","ping_status":"closed","template":"","meta":[],"product_brand":[],"product_cat":[1756,1764,1760],"product_tag":[2244,1811],"acf":[],"_links":{"self":[{"href":"https:\/\/streetmarkets.fr\/app\/wp-json\/wp\/v2\/product\/1647907"}],"collection":[{"href":"https:\/\/streetmarkets.fr\/app\/wp-json\/wp\/v2\/product"}],"about":[{"href":"https:\/\/streetmarkets.fr\/app\/wp-json\/wp\/v2\/types\/product"}],"replies":[{"embeddable":true,"href":"https:\/\/streetmarkets.fr\/app\/wp-json\/wp\/v2\/comments?post=1647907"}],"wp:featuredmedia":[{"embeddable":true,"href":"https:\/\/streetmarkets.fr\/app\/wp-json\/wp\/v2\/media\/1647908"}],"wp:attachment":[{"href":"https:\/\/streetmarkets.fr\/app\/wp-json\/wp\/v2\/media?parent=1647907"}],"wp:term":[{"taxonomy":"product_brand","embeddable":true,"href":"https:\/\/streetmarkets.fr\/app\/wp-json\/wp\/v2\/product_brand?post=1647907"},{"taxonomy":"product_cat","embeddable":true,"href":"https:\/\/streetmarkets.fr\/app\/wp-json\/wp\/v2\/product_cat?post=1647907"},{"taxonomy":"product_tag","embeddable":true,"href":"https:\/\/streetmarkets.fr\/app\/wp-json\/wp\/v2\/product_tag?post=1647907"}],"curies":[{"name":"wp","href":"https:\/\/api.w.org\/{rel}","templated":true}]}}