{"id":1647893,"date":"2025-04-05T00:48:37","date_gmt":"2025-04-04T22:48:37","guid":{"rendered":"https:\/\/streetmarkets.fr\/app\/produit\/ciele-casquette-gocap-classic-athletics-clay\/"},"modified":"2026-04-13T00:48:57","modified_gmt":"2026-04-12T22:48:57","slug":"ciele-casquette-gocap-classic-athletics-clay","status":"publish","type":"product","link":"https:\/\/streetmarkets.fr\/app\/produit\/ciele-casquette-gocap-classic-athletics-clay\/","title":{"rendered":"Ciele casquette GOCap Classic Athletics Clay"},"content":{"rendered":"<p dir=\"ltr\"><span>La casquette GOCap est la r\u00e9f\u00e9rence de la marque Ciele, toujours orn\u00e9e du logo athl\u00e9tique r\u00e9fl\u00e9chissant.<\/span><span><br \/><\/span><span>Cette ann\u00e9e, Ciele passe un cran au dessu et nous propose de nouveaux coloris ainsi que de nouveaux tissus techniques comme le COOLmatic | PLUS FLOWmesh\u2122. <\/span><span><br \/><\/span><span>Le confort, qui est d\u00e9j\u00e0 irr\u00e9prochable, a \u00e9t\u00e9 am\u00e9lior\u00e9 au niveau du bandeau int\u00e9rieur SOFTflat. La ventilation est meilleure sur les panneaux sup\u00e9rieurs, voire m\u00eame cibl\u00e9e l\u00e0 o\u00f9 vous en avez le plus besoin. Cette casquette assure une protection UPF de +40. Le Xstop ripstop apporte une durabilit\u00e9 l\u00e9g\u00e8re et une protection UPF de +50.<\/span><\/p>\n<p dir=\"ltr\"><span>Les tailles de la GOCap Classic :\u00a0 <\/span><span><br \/><\/span><span>&#8211; S\/M\u00a0 56.5 cm +- <\/span><span><br \/><\/span><span>&#8211; M\/L 58 cm +-<\/span><\/p>\n<p>\u00a0<\/p>\n","protected":false},"excerpt":{"rendered":"<p>La casquette GOCap est la r\u00e9f\u00e9rence de la marque Ciele, toujours orn\u00e9e du logo athl\u00e9tique r\u00e9fl\u00e9chissant.Cette ann\u00e9e, Ciele passe un cran au dessu et nous propose de nouveaux coloris ainsi que de nouveaux tissus techniques comme le COOLmatic | PLUS FLOWmesh\u2122. Le confort, qui est d\u00e9j\u00e0 irr\u00e9prochable, a \u00e9t\u00e9 am\u00e9lior\u00e9 au niveau du bandeau int\u00e9rieur [&hellip;]<\/p>\n","protected":false},"featured_media":1647894,"comment_status":"open","ping_status":"closed","template":"","meta":[],"product_brand":[],"product_cat":[1756,1764,1760],"product_tag":[2244,1811],"acf":[],"_links":{"self":[{"href":"https:\/\/streetmarkets.fr\/app\/wp-json\/wp\/v2\/product\/1647893"}],"collection":[{"href":"https:\/\/streetmarkets.fr\/app\/wp-json\/wp\/v2\/product"}],"about":[{"href":"https:\/\/streetmarkets.fr\/app\/wp-json\/wp\/v2\/types\/product"}],"replies":[{"embeddable":true,"href":"https:\/\/streetmarkets.fr\/app\/wp-json\/wp\/v2\/comments?post=1647893"}],"wp:featuredmedia":[{"embeddable":true,"href":"https:\/\/streetmarkets.fr\/app\/wp-json\/wp\/v2\/media\/1647894"}],"wp:attachment":[{"href":"https:\/\/streetmarkets.fr\/app\/wp-json\/wp\/v2\/media?parent=1647893"}],"wp:term":[{"taxonomy":"product_brand","embeddable":true,"href":"https:\/\/streetmarkets.fr\/app\/wp-json\/wp\/v2\/product_brand?post=1647893"},{"taxonomy":"product_cat","embeddable":true,"href":"https:\/\/streetmarkets.fr\/app\/wp-json\/wp\/v2\/product_cat?post=1647893"},{"taxonomy":"product_tag","embeddable":true,"href":"https:\/\/streetmarkets.fr\/app\/wp-json\/wp\/v2\/product_tag?post=1647893"}],"curies":[{"name":"wp","href":"https:\/\/api.w.org\/{rel}","templated":true}]}}