{"id":1647772,"date":"2025-04-04T08:42:40","date_gmt":"2025-04-04T06:42:40","guid":{"rendered":"https:\/\/streetmarkets.fr\/app\/produit\/pantalon-bonita-mastic-belle-piece\/"},"modified":"2026-05-05T08:38:14","modified_gmt":"2026-05-05T06:38:14","slug":"pantalon-bonita-mastic-belle-piece","status":"publish","type":"product","link":"https:\/\/streetmarkets.fr\/app\/produit\/pantalon-bonita-mastic-belle-piece\/","title":{"rendered":"Pantalon Bonita mastic &#8211; Belle Pi\u00e8ce"},"content":{"rendered":"<p><span>Pantalon en popeline de coton uni<\/span><br \/><span>&#8211; Ceinture \u00e9lastique<\/span><br \/><span>&#8211; Poches cot\u00e9s<\/span><br \/><span>&#8211; D\u00e9tail bande cot\u00e9<\/span><\/p>\n","protected":false},"excerpt":{"rendered":"<p>Pantalon en popeline de coton uni&#8211; Ceinture \u00e9lastique&#8211; Poches cot\u00e9s&#8211; D\u00e9tail bande cot\u00e9<\/p>\n","protected":false},"featured_media":1647773,"comment_status":"open","ping_status":"closed","template":"","meta":[],"product_brand":[],"product_cat":[1756,1762],"product_tag":[2244],"acf":[],"_links":{"self":[{"href":"https:\/\/streetmarkets.fr\/app\/wp-json\/wp\/v2\/product\/1647772"}],"collection":[{"href":"https:\/\/streetmarkets.fr\/app\/wp-json\/wp\/v2\/product"}],"about":[{"href":"https:\/\/streetmarkets.fr\/app\/wp-json\/wp\/v2\/types\/product"}],"replies":[{"embeddable":true,"href":"https:\/\/streetmarkets.fr\/app\/wp-json\/wp\/v2\/comments?post=1647772"}],"wp:featuredmedia":[{"embeddable":true,"href":"https:\/\/streetmarkets.fr\/app\/wp-json\/wp\/v2\/media\/1647773"}],"wp:attachment":[{"href":"https:\/\/streetmarkets.fr\/app\/wp-json\/wp\/v2\/media?parent=1647772"}],"wp:term":[{"taxonomy":"product_brand","embeddable":true,"href":"https:\/\/streetmarkets.fr\/app\/wp-json\/wp\/v2\/product_brand?post=1647772"},{"taxonomy":"product_cat","embeddable":true,"href":"https:\/\/streetmarkets.fr\/app\/wp-json\/wp\/v2\/product_cat?post=1647772"},{"taxonomy":"product_tag","embeddable":true,"href":"https:\/\/streetmarkets.fr\/app\/wp-json\/wp\/v2\/product_tag?post=1647772"}],"curies":[{"name":"wp","href":"https:\/\/api.w.org\/{rel}","templated":true}]}}