{"id":1643125,"date":"2025-04-04T02:08:18","date_gmt":"2025-04-04T00:08:18","guid":{"rendered":"https:\/\/streetmarkets.fr\/app\/produit\/short-court-s25-femme-rayure-bleu-rge-2\/"},"modified":"2025-04-04T02:08:18","modified_gmt":"2025-04-04T00:08:18","slug":"short-court-s25-femme-rayure-bleu-rge-2","status":"publish","type":"product","link":"https:\/\/streetmarkets.fr\/app\/produit\/short-court-s25-femme-rayure-bleu-rge-2\/","title":{"rendered":"Short Court (S25 \/ FEMME \/ Rayure Bleu\/Rge)"},"content":{"rendered":"<p>&#8211; Short court Femme<br \/>\n<br \/>&#8211; Imprim\u00e9 rayures<br \/>\n<br \/>&#8211; Broderie &#8220;Future&#8221;<br \/>\n<br \/>&#8211; Taille \u00e9lastiqu\u00e9e contrast\u00e9e<br \/>\n<br \/>&#8211; Fausse fermeture boutonn\u00e9e<br \/>\n<br \/>&#8211; 2 poches<br \/>\n<br \/>&#8211; Coupe regular<\/p>\n","protected":false},"excerpt":{"rendered":"<p>&#8211; Short court Femme &#8211; Imprim\u00e9 rayures &#8211; Broderie &#8220;Future&#8221; &#8211; Taille \u00e9lastiqu\u00e9e contrast\u00e9e &#8211; Fausse fermeture boutonn\u00e9e &#8211; 2 poches &#8211; Coupe regular<\/p>\n","protected":false},"featured_media":1643126,"comment_status":"open","ping_status":"closed","template":"","meta":[],"product_brand":[6868],"product_cat":[1756,1762],"product_tag":[2244],"acf":[],"_links":{"self":[{"href":"https:\/\/streetmarkets.fr\/app\/wp-json\/wp\/v2\/product\/1643125"}],"collection":[{"href":"https:\/\/streetmarkets.fr\/app\/wp-json\/wp\/v2\/product"}],"about":[{"href":"https:\/\/streetmarkets.fr\/app\/wp-json\/wp\/v2\/types\/product"}],"replies":[{"embeddable":true,"href":"https:\/\/streetmarkets.fr\/app\/wp-json\/wp\/v2\/comments?post=1643125"}],"wp:featuredmedia":[{"embeddable":true,"href":"https:\/\/streetmarkets.fr\/app\/wp-json\/wp\/v2\/media\/1643126"}],"wp:attachment":[{"href":"https:\/\/streetmarkets.fr\/app\/wp-json\/wp\/v2\/media?parent=1643125"}],"wp:term":[{"taxonomy":"product_brand","embeddable":true,"href":"https:\/\/streetmarkets.fr\/app\/wp-json\/wp\/v2\/product_brand?post=1643125"},{"taxonomy":"product_cat","embeddable":true,"href":"https:\/\/streetmarkets.fr\/app\/wp-json\/wp\/v2\/product_cat?post=1643125"},{"taxonomy":"product_tag","embeddable":true,"href":"https:\/\/streetmarkets.fr\/app\/wp-json\/wp\/v2\/product_tag?post=1643125"}],"curies":[{"name":"wp","href":"https:\/\/api.w.org\/{rel}","templated":true}]}}