{"id":1643117,"date":"2025-04-04T02:08:17","date_gmt":"2025-04-04T00:08:17","guid":{"rendered":"https:\/\/streetmarkets.fr\/app\/produit\/chemise-sans-manches-s25-femme-rayure-bleu-rge-2\/"},"modified":"2025-04-04T02:08:17","modified_gmt":"2025-04-04T00:08:17","slug":"chemise-sans-manches-s25-femme-rayure-bleu-rge-2","status":"publish","type":"product","link":"https:\/\/streetmarkets.fr\/app\/produit\/chemise-sans-manches-s25-femme-rayure-bleu-rge-2\/","title":{"rendered":"Chemise Sans Manches (S25 \/ FEMME \/ Rayure Bleu\/Rge)"},"content":{"rendered":"<p>&#8211; Chemise sans manches Femme<br \/>\n<br \/>&#8211; Imprim\u00e9 rayures<br \/>\n<br \/>&#8211; Broderie &#8220;From Future&#8221;<br \/>\n<br \/>&#8211; Col chemise contrast\u00e9<br \/>\n<br \/>&#8211; Fermeture boutonn\u00e9e<br \/>\n<br \/>&#8211; Coupe oversize<\/p>\n","protected":false},"excerpt":{"rendered":"<p>&#8211; Chemise sans manches Femme &#8211; Imprim\u00e9 rayures &#8211; Broderie &#8220;From Future&#8221; &#8211; Col chemise contrast\u00e9 &#8211; Fermeture boutonn\u00e9e &#8211; Coupe oversize<\/p>\n","protected":false},"featured_media":1643118,"comment_status":"open","ping_status":"closed","template":"","meta":[],"product_brand":[6868],"product_cat":[1756,1762],"product_tag":[2244],"acf":[],"_links":{"self":[{"href":"https:\/\/streetmarkets.fr\/app\/wp-json\/wp\/v2\/product\/1643117"}],"collection":[{"href":"https:\/\/streetmarkets.fr\/app\/wp-json\/wp\/v2\/product"}],"about":[{"href":"https:\/\/streetmarkets.fr\/app\/wp-json\/wp\/v2\/types\/product"}],"replies":[{"embeddable":true,"href":"https:\/\/streetmarkets.fr\/app\/wp-json\/wp\/v2\/comments?post=1643117"}],"wp:featuredmedia":[{"embeddable":true,"href":"https:\/\/streetmarkets.fr\/app\/wp-json\/wp\/v2\/media\/1643118"}],"wp:attachment":[{"href":"https:\/\/streetmarkets.fr\/app\/wp-json\/wp\/v2\/media?parent=1643117"}],"wp:term":[{"taxonomy":"product_brand","embeddable":true,"href":"https:\/\/streetmarkets.fr\/app\/wp-json\/wp\/v2\/product_brand?post=1643117"},{"taxonomy":"product_cat","embeddable":true,"href":"https:\/\/streetmarkets.fr\/app\/wp-json\/wp\/v2\/product_cat?post=1643117"},{"taxonomy":"product_tag","embeddable":true,"href":"https:\/\/streetmarkets.fr\/app\/wp-json\/wp\/v2\/product_tag?post=1643117"}],"curies":[{"name":"wp","href":"https:\/\/api.w.org\/{rel}","templated":true}]}}