{"id":1643102,"date":"2025-04-04T02:08:15","date_gmt":"2025-04-04T00:08:15","guid":{"rendered":"https:\/\/streetmarkets.fr\/app\/produit\/pull-col-rond-from-future-s25-femme-baby-blue-2\/"},"modified":"2025-04-04T02:08:15","modified_gmt":"2025-04-04T00:08:15","slug":"pull-col-rond-from-future-s25-femme-baby-blue-2","status":"publish","type":"product","link":"https:\/\/streetmarkets.fr\/app\/produit\/pull-col-rond-from-future-s25-femme-baby-blue-2\/","title":{"rendered":"Pull Col Rond From Future (S25 \/ FEMME \/ Baby Blue)"},"content":{"rendered":"<p>&#8211; Pull en cachemire 2 fils certifi\u00e9 GCS\u00ae Femme<br \/>\n<br \/>&#8211; Inscription en intarsia &#8220;From Future&#8221;<br \/>\n<br \/>&#8211; Broderie &#8220;Texas Club American Dream&#8221;<br \/>\n<br \/>&#8211; Col rond<br \/>\n<br \/>&#8211; Manches longues<br \/>\n<br \/>&#8211; Bords c\u00f4tel\u00e9s<br \/>\n<br \/>&#8211; Coupe oversize<br \/>\n<br \/>&#8211; Le Good Cashmere Standard\u00ae (GCS) est une norme ind\u00e9pendante pour un cachemire plus durable et plus responsable. Il vise \u00e0 am\u00e9liorer le bien-\u00eatre des ch\u00e8vres cachemire, les conditions de travail des \u00e9leveurs ainsi qu&#8217;\u00e0 prot\u00e9ger l&#8217;environnement.<\/p>\n","protected":false},"excerpt":{"rendered":"<p>&#8211; Pull en cachemire 2 fils certifi\u00e9 GCS\u00ae Femme &#8211; Inscription en intarsia &#8220;From Future&#8221; &#8211; Broderie &#8220;Texas Club American Dream&#8221; &#8211; Col rond &#8211; Manches longues &#8211; Bords c\u00f4tel\u00e9s &#8211; Coupe oversize &#8211; Le Good Cashmere Standard\u00ae (GCS) est une norme ind\u00e9pendante pour un cachemire plus durable et plus responsable. Il vise \u00e0 am\u00e9liorer [&hellip;]<\/p>\n","protected":false},"featured_media":1643103,"comment_status":"open","ping_status":"closed","template":"","meta":[],"product_brand":[6868],"product_cat":[1756,1762],"product_tag":[2244],"acf":[],"_links":{"self":[{"href":"https:\/\/streetmarkets.fr\/app\/wp-json\/wp\/v2\/product\/1643102"}],"collection":[{"href":"https:\/\/streetmarkets.fr\/app\/wp-json\/wp\/v2\/product"}],"about":[{"href":"https:\/\/streetmarkets.fr\/app\/wp-json\/wp\/v2\/types\/product"}],"replies":[{"embeddable":true,"href":"https:\/\/streetmarkets.fr\/app\/wp-json\/wp\/v2\/comments?post=1643102"}],"wp:featuredmedia":[{"embeddable":true,"href":"https:\/\/streetmarkets.fr\/app\/wp-json\/wp\/v2\/media\/1643103"}],"wp:attachment":[{"href":"https:\/\/streetmarkets.fr\/app\/wp-json\/wp\/v2\/media?parent=1643102"}],"wp:term":[{"taxonomy":"product_brand","embeddable":true,"href":"https:\/\/streetmarkets.fr\/app\/wp-json\/wp\/v2\/product_brand?post=1643102"},{"taxonomy":"product_cat","embeddable":true,"href":"https:\/\/streetmarkets.fr\/app\/wp-json\/wp\/v2\/product_cat?post=1643102"},{"taxonomy":"product_tag","embeddable":true,"href":"https:\/\/streetmarkets.fr\/app\/wp-json\/wp\/v2\/product_tag?post=1643102"}],"curies":[{"name":"wp","href":"https:\/\/api.w.org\/{rel}","templated":true}]}}