{"id":1643069,"date":"2025-04-04T02:08:12","date_gmt":"2025-04-04T00:08:12","guid":{"rendered":"https:\/\/streetmarkets.fr\/app\/produit\/robe-longue-manches-courtes-nella-s25-femme-baby-blue\/"},"modified":"2025-08-16T01:53:18","modified_gmt":"2025-08-15T23:53:18","slug":"robe-longue-manches-courtes-nella-s25-femme-baby-blue","status":"publish","type":"product","link":"https:\/\/streetmarkets.fr\/app\/produit\/robe-longue-manches-courtes-nella-s25-femme-baby-blue\/","title":{"rendered":"Robe Longue Manches Courtes Nella (S25 \/ FEMME \/ Baby Blue)"},"content":{"rendered":"<p>&#8211; Robe longue en coton Femme<br \/>\n<br \/>&#8211; Col rond<br \/>\n<br \/>&#8211; Manches courtes \u00e9lastiqu\u00e9es<br \/>\n<br \/>&#8211; D\u00e9tails fronc\u00e9s<br \/>\n<br \/>&#8211; Jupe \u00e9vas\u00e9e<br \/>\n<br \/>&#8211; Coupe regular<\/p>\n","protected":false},"excerpt":{"rendered":"<p>&#8211; Robe longue en coton Femme &#8211; Col rond &#8211; Manches courtes \u00e9lastiqu\u00e9es &#8211; D\u00e9tails fronc\u00e9s &#8211; Jupe \u00e9vas\u00e9e &#8211; Coupe regular<\/p>\n","protected":false},"featured_media":1643070,"comment_status":"open","ping_status":"closed","template":"","meta":[],"product_brand":[6868],"product_cat":[1756,1762],"product_tag":[2244],"acf":[],"_links":{"self":[{"href":"https:\/\/streetmarkets.fr\/app\/wp-json\/wp\/v2\/product\/1643069"}],"collection":[{"href":"https:\/\/streetmarkets.fr\/app\/wp-json\/wp\/v2\/product"}],"about":[{"href":"https:\/\/streetmarkets.fr\/app\/wp-json\/wp\/v2\/types\/product"}],"replies":[{"embeddable":true,"href":"https:\/\/streetmarkets.fr\/app\/wp-json\/wp\/v2\/comments?post=1643069"}],"wp:featuredmedia":[{"embeddable":true,"href":"https:\/\/streetmarkets.fr\/app\/wp-json\/wp\/v2\/media\/1643070"}],"wp:attachment":[{"href":"https:\/\/streetmarkets.fr\/app\/wp-json\/wp\/v2\/media?parent=1643069"}],"wp:term":[{"taxonomy":"product_brand","embeddable":true,"href":"https:\/\/streetmarkets.fr\/app\/wp-json\/wp\/v2\/product_brand?post=1643069"},{"taxonomy":"product_cat","embeddable":true,"href":"https:\/\/streetmarkets.fr\/app\/wp-json\/wp\/v2\/product_cat?post=1643069"},{"taxonomy":"product_tag","embeddable":true,"href":"https:\/\/streetmarkets.fr\/app\/wp-json\/wp\/v2\/product_tag?post=1643069"}],"curies":[{"name":"wp","href":"https:\/\/api.w.org\/{rel}","templated":true}]}}