{"id":1641168,"date":"2025-04-03T06:51:28","date_gmt":"2025-04-03T04:51:28","guid":{"rendered":"https:\/\/streetmarkets.fr\/app\/produit\/hamilton-overshirt\/"},"modified":"2026-03-16T05:46:16","modified_gmt":"2026-03-16T04:46:16","slug":"hamilton-overshirt","status":"publish","type":"product","link":"https:\/\/streetmarkets.fr\/app\/produit\/hamilton-overshirt\/","title":{"rendered":"Hamilton Overshirt"},"content":{"rendered":"<p dir=\"auto\">Adoptez un style d\u00e9contract\u00e9 et \u00e9l\u00e9gant avec la <strong>Hamilton Overshirt<\/strong> de <strong>Les Deux<\/strong>, une surchemise <strong>id\u00e9ale pour la mi-saison<\/strong>. Confectionn\u00e9e dans un m\u00e9lange de <strong>lin l\u00e9ger<\/strong>, cette pi\u00e8ce allie confort et respirabilit\u00e9, parfaite pour les journ\u00e9es douces.<strong><\/strong><\/p>\n<p dir=\"auto\">Cette surchemise pr\u00e9sente une <strong>coupe regular fit<\/strong>, adapt\u00e9e \u00e0 toutes les morphologies. Elle est dot\u00e9e d&#8217;une <strong>poche poitrine pratique<\/strong> et d&#8217;un empi\u00e8cement \u00e0 plis creux, ajoutant une touche de d\u00e9tail et de sophistication. Les poignets boutonn\u00e9s apportent une finition soign\u00e9e et ajustable.<\/p>\n<p dir=\"auto\">La Hamilton Overshirt est <strong>parfaite pour ceux qui recherchent une pi\u00e8ce polyvalente et confortable<\/strong>. Portez-la ouverte sur un t-shirt pour un look d\u00e9contract\u00e9, ou ferm\u00e9e comme une chemise l\u00e9g\u00e8re pour une allure plus habill\u00e9e. D\u00e9couvrez cette surchemise et d&#8217;autres articles de notre collection en visitant notre boutique.<\/p>\n","protected":false},"excerpt":{"rendered":"<p>Adoptez un style d\u00e9contract\u00e9 et \u00e9l\u00e9gant avec la Hamilton Overshirt de Les Deux, une surchemise id\u00e9ale pour la mi-saison. Confectionn\u00e9e dans un m\u00e9lange de lin l\u00e9ger, cette pi\u00e8ce allie confort et respirabilit\u00e9, parfaite pour les journ\u00e9es douces. Cette surchemise pr\u00e9sente une coupe regular fit, adapt\u00e9e \u00e0 toutes les morphologies. Elle est dot\u00e9e d&#8217;une poche poitrine [&hellip;]<\/p>\n","protected":false},"featured_media":1641169,"comment_status":"open","ping_status":"closed","template":"","meta":[],"product_brand":[],"product_cat":[1756,1758],"product_tag":[2244],"acf":[],"_links":{"self":[{"href":"https:\/\/streetmarkets.fr\/app\/wp-json\/wp\/v2\/product\/1641168"}],"collection":[{"href":"https:\/\/streetmarkets.fr\/app\/wp-json\/wp\/v2\/product"}],"about":[{"href":"https:\/\/streetmarkets.fr\/app\/wp-json\/wp\/v2\/types\/product"}],"replies":[{"embeddable":true,"href":"https:\/\/streetmarkets.fr\/app\/wp-json\/wp\/v2\/comments?post=1641168"}],"wp:featuredmedia":[{"embeddable":true,"href":"https:\/\/streetmarkets.fr\/app\/wp-json\/wp\/v2\/media\/1641169"}],"wp:attachment":[{"href":"https:\/\/streetmarkets.fr\/app\/wp-json\/wp\/v2\/media?parent=1641168"}],"wp:term":[{"taxonomy":"product_brand","embeddable":true,"href":"https:\/\/streetmarkets.fr\/app\/wp-json\/wp\/v2\/product_brand?post=1641168"},{"taxonomy":"product_cat","embeddable":true,"href":"https:\/\/streetmarkets.fr\/app\/wp-json\/wp\/v2\/product_cat?post=1641168"},{"taxonomy":"product_tag","embeddable":true,"href":"https:\/\/streetmarkets.fr\/app\/wp-json\/wp\/v2\/product_tag?post=1641168"}],"curies":[{"name":"wp","href":"https:\/\/api.w.org\/{rel}","templated":true}]}}