{"id":1636514,"date":"2025-04-03T01:56:36","date_gmt":"2025-04-02T23:56:36","guid":{"rendered":"https:\/\/streetmarkets.fr\/app\/produit\/robe-longue-bretelles-robbie-s25-femme-noir\/"},"modified":"2025-10-02T01:59:56","modified_gmt":"2025-10-01T23:59:56","slug":"robe-longue-bretelles-robbie-s25-femme-noir","status":"publish","type":"product","link":"https:\/\/streetmarkets.fr\/app\/produit\/robe-longue-bretelles-robbie-s25-femme-noir\/","title":{"rendered":"Robe Longue Bretelles Robbie (S25 \/ FEMME \/ Noir)"},"content":{"rendered":"<p>V\u00e9ritable d\u00e9claration de style : une d\u00e9coupe c\u0153ur orne cette robe longue. Id\u00e9ale en toutes occasions, elle d\u00e9voile un col b\u00e9nitier, des bretelles fines et une jupe fluide. \u00c0 porter avec des escarpins pour une silhouette affirm\u00e9e.<\/p>\n<p>&#8211; Robe longue Femme<br \/>\n<br \/>&#8211; Col b\u00e9nitier<br \/>\n<br \/>&#8211; D\u00e9coupe c\u0153ur<br \/>\n<br \/>&#8211; Bretelles fines<br \/>\n<br \/>&#8211; Coupe slim<\/p>\n","protected":false},"excerpt":{"rendered":"<p>V\u00e9ritable d\u00e9claration de style : une d\u00e9coupe c\u0153ur orne cette robe longue. Id\u00e9ale en toutes occasions, elle d\u00e9voile un col b\u00e9nitier, des bretelles fines et une jupe fluide. \u00c0 porter avec des escarpins pour une silhouette affirm\u00e9e. &#8211; Robe longue Femme &#8211; Col b\u00e9nitier &#8211; D\u00e9coupe c\u0153ur &#8211; Bretelles fines &#8211; Coupe slim<\/p>\n","protected":false},"featured_media":1636515,"comment_status":"open","ping_status":"closed","template":"","meta":[],"product_brand":[6868],"product_cat":[1756,1762],"product_tag":[2244],"acf":[],"_links":{"self":[{"href":"https:\/\/streetmarkets.fr\/app\/wp-json\/wp\/v2\/product\/1636514"}],"collection":[{"href":"https:\/\/streetmarkets.fr\/app\/wp-json\/wp\/v2\/product"}],"about":[{"href":"https:\/\/streetmarkets.fr\/app\/wp-json\/wp\/v2\/types\/product"}],"replies":[{"embeddable":true,"href":"https:\/\/streetmarkets.fr\/app\/wp-json\/wp\/v2\/comments?post=1636514"}],"wp:featuredmedia":[{"embeddable":true,"href":"https:\/\/streetmarkets.fr\/app\/wp-json\/wp\/v2\/media\/1636515"}],"wp:attachment":[{"href":"https:\/\/streetmarkets.fr\/app\/wp-json\/wp\/v2\/media?parent=1636514"}],"wp:term":[{"taxonomy":"product_brand","embeddable":true,"href":"https:\/\/streetmarkets.fr\/app\/wp-json\/wp\/v2\/product_brand?post=1636514"},{"taxonomy":"product_cat","embeddable":true,"href":"https:\/\/streetmarkets.fr\/app\/wp-json\/wp\/v2\/product_cat?post=1636514"},{"taxonomy":"product_tag","embeddable":true,"href":"https:\/\/streetmarkets.fr\/app\/wp-json\/wp\/v2\/product_tag?post=1636514"}],"curies":[{"name":"wp","href":"https:\/\/api.w.org\/{rel}","templated":true}]}}