{"id":1625324,"date":"2025-03-31T06:51:28","date_gmt":"2025-03-31T04:51:28","guid":{"rendered":"https:\/\/streetmarkets.fr\/app\/produit\/cologne\/"},"modified":"2026-03-16T05:46:16","modified_gmt":"2026-03-16T04:46:16","slug":"cologne","status":"publish","type":"product","link":"https:\/\/streetmarkets.fr\/app\/produit\/cologne\/","title":{"rendered":"Cologne"},"content":{"rendered":"<p dir=\"auto\"><strong>Pyramide olfactive :<\/strong><\/p>\n<p><strong>Notes de t\u00eate :<\/strong><span>\u00a0<\/span>Orange am\u00e8re, bergamote, citron et eau de brout<br \/><strong>Notes de c\u0153ur :<\/strong><span>\u00a0<\/span>Baies de geni\u00e8vre et racine d&#8217;ang\u00e9lique<br \/><strong>Notes de fond :<\/strong><span>\u00a0<\/span>Sauge sclar\u00e9e, ch\u00e8vrefeuille et galbanum<\/p>\n<p dir=\"auto\">La <strong>Cologne<\/strong> de <strong>Le Galion<\/strong> s&#8217;ouvre sur une amorce p\u00e9tillante de <strong>bergamote<\/strong>, d&#8217;orange am\u00e8re et de citron, cr\u00e9ant une <strong>sensation d\u00e9salt\u00e9rante et vivifiante<\/strong>. La fra\u00eecheur est ensuite accentu\u00e9e par la baie de geni\u00e8vre, dont l&#8217;amertume aromatique \u00e9voque la d\u00e9gustation d&#8217;un gin glac\u00e9 par un chaud apr\u00e8s-midi.<\/p>\n<p dir=\"auto\">Au c\u0153ur de la fragrance, l&#8217;ang\u00e9lique et la sauge apportent des <strong>nuances herbac\u00e9es et vertes<\/strong>, tandis qu&#8217;une pointe de galbanum sugg\u00e8re la trace \u00e9vanescente d&#8217;un tabac. Ce m\u00e9lange harmonieux imagine une rencontre anachronique entre les deux parfumeurs, discutant passionn\u00e9ment de leur art \u00e0 l&#8217;ombre d&#8217;un oranger dans le jardin de l&#8217;h\u00f4tel particulier de la maison Le Galion.<strong><\/strong><\/p>\n<p dir=\"auto\"><strong>La Griffe Olfactive :<\/strong><\/p>\n<p dir=\"auto\">La baie de geni\u00e8vre, pour sa fra\u00eecheur glac\u00e9e, est au c\u0153ur de cette composition, rappelant la d\u00e9gustation d&#8217;un verre de gin dans la chaleur estivale.<\/p>\n<p dir=\"auto\">Le parfum <strong>Cologne<\/strong> de <strong>Le Galion<\/strong> est <strong>insouciant et d\u00e9licieux<\/strong>, id\u00e9al pour ceux qui recherchent une fragrance \u00e0 la fois <strong>classique et moderne<\/strong>. D\u00e9couvrez cette cr\u00e9ation embl\u00e9matique et laissez-vous transporter par son charme intemporel.<\/p>\n","protected":false},"excerpt":{"rendered":"<p>Pyramide olfactive : Notes de t\u00eate :\u00a0Orange am\u00e8re, bergamote, citron et eau de broutNotes de c\u0153ur :\u00a0Baies de geni\u00e8vre et racine d&#8217;ang\u00e9liqueNotes de fond :\u00a0Sauge sclar\u00e9e, ch\u00e8vrefeuille et galbanum La Cologne de Le Galion s&#8217;ouvre sur une amorce p\u00e9tillante de bergamote, d&#8217;orange am\u00e8re et de citron, cr\u00e9ant une sensation d\u00e9salt\u00e9rante et vivifiante. La fra\u00eecheur est [&hellip;]<\/p>\n","protected":false},"featured_media":1625325,"comment_status":"open","ping_status":"closed","template":"","meta":[],"product_brand":[],"product_cat":[1756,1760],"product_tag":[2244],"acf":[],"_links":{"self":[{"href":"https:\/\/streetmarkets.fr\/app\/wp-json\/wp\/v2\/product\/1625324"}],"collection":[{"href":"https:\/\/streetmarkets.fr\/app\/wp-json\/wp\/v2\/product"}],"about":[{"href":"https:\/\/streetmarkets.fr\/app\/wp-json\/wp\/v2\/types\/product"}],"replies":[{"embeddable":true,"href":"https:\/\/streetmarkets.fr\/app\/wp-json\/wp\/v2\/comments?post=1625324"}],"wp:featuredmedia":[{"embeddable":true,"href":"https:\/\/streetmarkets.fr\/app\/wp-json\/wp\/v2\/media\/1625325"}],"wp:attachment":[{"href":"https:\/\/streetmarkets.fr\/app\/wp-json\/wp\/v2\/media?parent=1625324"}],"wp:term":[{"taxonomy":"product_brand","embeddable":true,"href":"https:\/\/streetmarkets.fr\/app\/wp-json\/wp\/v2\/product_brand?post=1625324"},{"taxonomy":"product_cat","embeddable":true,"href":"https:\/\/streetmarkets.fr\/app\/wp-json\/wp\/v2\/product_cat?post=1625324"},{"taxonomy":"product_tag","embeddable":true,"href":"https:\/\/streetmarkets.fr\/app\/wp-json\/wp\/v2\/product_tag?post=1625324"}],"curies":[{"name":"wp","href":"https:\/\/api.w.org\/{rel}","templated":true}]}}