{"id":1625307,"date":"2025-03-31T06:51:26","date_gmt":"2025-03-31T04:51:26","guid":{"rendered":"https:\/\/streetmarkets.fr\/app\/produit\/hajo-new-suede-espadrilles\/"},"modified":"2026-03-16T05:46:16","modified_gmt":"2026-03-16T04:46:16","slug":"hajo-new-suede-espadrilles","status":"publish","type":"product","link":"https:\/\/streetmarkets.fr\/app\/produit\/hajo-new-suede-espadrilles\/","title":{"rendered":"Hajo New Suede Espadrilles"},"content":{"rendered":"<p><span data-sheets-userformat='{\"2\":769,\"3\":{\"1\":0},\"11\":4,\"12\":0}' data-sheets-value=\"{&quot;1&quot;:2,&quot;2&quot;:&quot;D\u00e9couvrez les espadrilles Hajo New Suede en daim doux et soyeux, couleur Tobacco Brown, id\u00e9ales pour l'\u00e9t\u00e9. \\n\\nCes chaussures allient confort et style avec leur bout rond et leur tige en daim de haute qualit\u00e9. Le d\u00e9tail tiss\u00e9 ajoute une touche d'originalit\u00e9, tandis que la semelle en jute classique et la semelle int\u00e9rieure en cuir gaufr\u00e9 assurent un confort optimal. \\n\\nParfaites pour les vacances, ces espadrilles se marient \u00e0 merveille avec un short et une chemise \u00e0 fleurs pour un look d\u00e9contract\u00e9 et \u00e9l\u00e9gant. Disponibles chez Harold, votre boutique de pr\u00eat-\u00e0-porter homme \u00e0 Paris, elles sont un incontournable de la saison estivale. \\n\\nAdoptez-les pour un style chic et confortable lors de vos escapades ensoleill\u00e9es.&quot;}\" data-sheets-root=\"1\">D\u00e9couvrez les espadrilles <strong>Hajo New Suede<\/strong> en daim doux et soyeux, couleur Tobacco Brown, id\u00e9ales pour l&#8217;\u00e9t\u00e9.\u00a0<\/p>\n<p>Ces chaussures allient <strong>confort et style<\/strong> avec leur bout rond et leur tige en daim de haute qualit\u00e9. Le d\u00e9tail tiss\u00e9 ajoute une touche d&#8217;originalit\u00e9, tandis que la semelle en jute classique et la semelle int\u00e9rieure en cuir gaufr\u00e9 assurent un confort optimal. <\/p>\n<p>Parfaites pour les vacances, ces espadrilles se marient \u00e0 merveille avec un short et une chemise \u00e0 fleurs pour un<strong> look d\u00e9contract\u00e9 et \u00e9l\u00e9gant<\/strong>. Disponibles chez <strong>Harold<\/strong>, votre boutique de pr\u00eat-\u00e0-porter homme \u00e0 Paris, elles sont un incontournable de la saison estivale. <\/p>\n<p>Adoptez-les pour un style chic et confortable lors de vos escapades ensoleill\u00e9es.<\/span><\/p>\n<p><!--td {border: 1px solid #cccccc;}br {mso-data-placement:same-cell;}--><\/p>\n","protected":false},"excerpt":{"rendered":"<p>D\u00e9couvrez les espadrilles Hajo New Suede en daim doux et soyeux, couleur Tobacco Brown, id\u00e9ales pour l&#8217;\u00e9t\u00e9.\u00a0 Ces chaussures allient confort et style avec leur bout rond et leur tige en daim de haute qualit\u00e9. Le d\u00e9tail tiss\u00e9 ajoute une touche d&#8217;originalit\u00e9, tandis que la semelle en jute classique et la semelle int\u00e9rieure en cuir [&hellip;]<\/p>\n","protected":false},"featured_media":1625308,"comment_status":"open","ping_status":"closed","template":"","meta":[],"product_brand":[],"product_cat":[1756,1759],"product_tag":[2244],"acf":[],"_links":{"self":[{"href":"https:\/\/streetmarkets.fr\/app\/wp-json\/wp\/v2\/product\/1625307"}],"collection":[{"href":"https:\/\/streetmarkets.fr\/app\/wp-json\/wp\/v2\/product"}],"about":[{"href":"https:\/\/streetmarkets.fr\/app\/wp-json\/wp\/v2\/types\/product"}],"replies":[{"embeddable":true,"href":"https:\/\/streetmarkets.fr\/app\/wp-json\/wp\/v2\/comments?post=1625307"}],"wp:featuredmedia":[{"embeddable":true,"href":"https:\/\/streetmarkets.fr\/app\/wp-json\/wp\/v2\/media\/1625308"}],"wp:attachment":[{"href":"https:\/\/streetmarkets.fr\/app\/wp-json\/wp\/v2\/media?parent=1625307"}],"wp:term":[{"taxonomy":"product_brand","embeddable":true,"href":"https:\/\/streetmarkets.fr\/app\/wp-json\/wp\/v2\/product_brand?post=1625307"},{"taxonomy":"product_cat","embeddable":true,"href":"https:\/\/streetmarkets.fr\/app\/wp-json\/wp\/v2\/product_cat?post=1625307"},{"taxonomy":"product_tag","embeddable":true,"href":"https:\/\/streetmarkets.fr\/app\/wp-json\/wp\/v2\/product_tag?post=1625307"}],"curies":[{"name":"wp","href":"https:\/\/api.w.org\/{rel}","templated":true}]}}