{"id":1625254,"date":"2025-03-31T06:46:44","date_gmt":"2025-03-31T04:46:44","guid":{"rendered":"https:\/\/streetmarkets.fr\/app\/produit\/cologne-nocturne\/"},"modified":"2026-03-16T05:44:22","modified_gmt":"2026-03-16T04:44:22","slug":"cologne-nocturne","status":"publish","type":"product","link":"https:\/\/streetmarkets.fr\/app\/produit\/cologne-nocturne\/","title":{"rendered":"Cologne Nocturne"},"content":{"rendered":"<p><strong>Notes principales<\/strong><br \/>Bergamote &#8211; lavande &#8211; thym &#8211; ambre<\/p>\n<h4><strong>Pyramide olfactive<\/strong><\/h4>\n<p><strong>Notes de t\u00eate<\/strong> : Bergamote, citron, bois de rose<br \/><strong>Notes de c\u0153ur<\/strong> : Lavande, sauge, romarin, thym<br \/><strong>Notes de fond<\/strong> : C\u00e8dre, patchouli, ambre<\/p>\n<p><strong>Cologne Nocturne<\/strong> s\u2019ouvre sur une fugace envol\u00e9e d\u2019agrumes \u2013 la <strong>bergamote<\/strong> et le <strong>citron <\/strong>se m\u00ealent \u00e0 la d\u00e9licatesse du bois de rose. Ce pr\u00e9lude effervescent c\u00e8de rapidement la place \u00e0 un c\u0153ur aromatique vibrant o\u00f9 <strong>lavande<\/strong>, <strong>sauge<\/strong>, <strong>romarin<\/strong> et <strong>thym<\/strong> orchestrent une harmonie d\u2019\u00e9l\u00e9gance intemporelle.<\/p>\n<p>En fond, le <strong>c\u00e8dre<\/strong> impose sa griffe olfactive. Puissant et bois\u00e9, il dialogue avec les accents profonds du <strong>patchouli<\/strong> et la chaleur enveloppante de l\u2019<strong>ambre<\/strong>. L\u2019image d\u2019une chemise blanche, abandonn\u00e9e sur des draps d\u00e9faits au petit matin, s\u2019impose alors : une sophistication naturelle, une sensualit\u00e9 discr\u00e8te.<\/p>\n","protected":false},"excerpt":{"rendered":"<p>Notes principalesBergamote &#8211; lavande &#8211; thym &#8211; ambre Pyramide olfactive Notes de t\u00eate : Bergamote, citron, bois de roseNotes de c\u0153ur : Lavande, sauge, romarin, thymNotes de fond : C\u00e8dre, patchouli, ambre Cologne Nocturne s\u2019ouvre sur une fugace envol\u00e9e d\u2019agrumes \u2013 la bergamote et le citron se m\u00ealent \u00e0 la d\u00e9licatesse du bois de rose. [&hellip;]<\/p>\n","protected":false},"featured_media":1625255,"comment_status":"open","ping_status":"closed","template":"","meta":[],"product_brand":[],"product_cat":[1756,1760],"product_tag":[2244],"acf":[],"_links":{"self":[{"href":"https:\/\/streetmarkets.fr\/app\/wp-json\/wp\/v2\/product\/1625254"}],"collection":[{"href":"https:\/\/streetmarkets.fr\/app\/wp-json\/wp\/v2\/product"}],"about":[{"href":"https:\/\/streetmarkets.fr\/app\/wp-json\/wp\/v2\/types\/product"}],"replies":[{"embeddable":true,"href":"https:\/\/streetmarkets.fr\/app\/wp-json\/wp\/v2\/comments?post=1625254"}],"wp:featuredmedia":[{"embeddable":true,"href":"https:\/\/streetmarkets.fr\/app\/wp-json\/wp\/v2\/media\/1625255"}],"wp:attachment":[{"href":"https:\/\/streetmarkets.fr\/app\/wp-json\/wp\/v2\/media?parent=1625254"}],"wp:term":[{"taxonomy":"product_brand","embeddable":true,"href":"https:\/\/streetmarkets.fr\/app\/wp-json\/wp\/v2\/product_brand?post=1625254"},{"taxonomy":"product_cat","embeddable":true,"href":"https:\/\/streetmarkets.fr\/app\/wp-json\/wp\/v2\/product_cat?post=1625254"},{"taxonomy":"product_tag","embeddable":true,"href":"https:\/\/streetmarkets.fr\/app\/wp-json\/wp\/v2\/product_tag?post=1625254"}],"curies":[{"name":"wp","href":"https:\/\/api.w.org\/{rel}","templated":true}]}}