{"id":1615308,"date":"2025-03-31T00:27:10","date_gmt":"2025-03-30T22:27:10","guid":{"rendered":"https:\/\/streetmarkets.fr\/app\/produit\/bonnet-60-mohair-40-soie-red-vermillon\/"},"modified":"2025-09-01T00:27:06","modified_gmt":"2025-08-31T22:27:06","slug":"bonnet-60-mohair-40-soie-red-vermillon","status":"publish","type":"product","link":"https:\/\/streetmarkets.fr\/app\/produit\/bonnet-60-mohair-40-soie-red-vermillon\/","title":{"rendered":"Bonnet 60% mohair 40% soie Red vermillon"},"content":{"rendered":"<p>Mati\u00e8re : 60% duvet de mohair 40% soie.<\/p>\n<p>Chaud et doux. Ne gratte pas. N&rsquo;\u00e9crase pas les cheveux. Fil \u00e9pais.<\/p>\n<p>R\u00e9alis\u00e9 en France dans le Tarn dans une structure familiale.<\/p>\n<p>&nbsp;<\/p>\n<p>Bonnet \u00e0 revers tr\u00e8s chaud et tr\u00e8s doux. La soie apporte de la r\u00e9sistance \u00e0 cette fibre naturelle.<\/p>\n<p>Plusieurs couleurs. Petite s\u00e9rie.<\/p>\n<p>Excellent produit car fil d&rsquo;exception.<\/p>\n<p>Existe aussi en \u00e9charpe.<\/p>\n<p>&nbsp;<\/p>\n<p>&nbsp;<\/p>\n<p>&nbsp;<\/p>\n<p>&nbsp;<\/p>\n","protected":false},"excerpt":{"rendered":"<p>Mati\u00e8re : 60% duvet de mohair 40% soie. Chaud et doux. Ne gratte pas. N&rsquo;\u00e9crase pas les cheveux. Fil \u00e9pais. R\u00e9alis\u00e9 en France dans le Tarn dans une structure familiale. &nbsp; Bonnet \u00e0 revers tr\u00e8s chaud et tr\u00e8s doux. La soie apporte de la r\u00e9sistance \u00e0 cette fibre naturelle. Plusieurs couleurs. Petite s\u00e9rie. Excellent produit [&hellip;]<\/p>\n","protected":false},"featured_media":1615309,"comment_status":"open","ping_status":"closed","template":"","meta":[],"product_brand":[],"product_cat":[1756,1764],"product_tag":[1811],"acf":[],"_links":{"self":[{"href":"https:\/\/streetmarkets.fr\/app\/wp-json\/wp\/v2\/product\/1615308"}],"collection":[{"href":"https:\/\/streetmarkets.fr\/app\/wp-json\/wp\/v2\/product"}],"about":[{"href":"https:\/\/streetmarkets.fr\/app\/wp-json\/wp\/v2\/types\/product"}],"replies":[{"embeddable":true,"href":"https:\/\/streetmarkets.fr\/app\/wp-json\/wp\/v2\/comments?post=1615308"}],"wp:featuredmedia":[{"embeddable":true,"href":"https:\/\/streetmarkets.fr\/app\/wp-json\/wp\/v2\/media\/1615309"}],"wp:attachment":[{"href":"https:\/\/streetmarkets.fr\/app\/wp-json\/wp\/v2\/media?parent=1615308"}],"wp:term":[{"taxonomy":"product_brand","embeddable":true,"href":"https:\/\/streetmarkets.fr\/app\/wp-json\/wp\/v2\/product_brand?post=1615308"},{"taxonomy":"product_cat","embeddable":true,"href":"https:\/\/streetmarkets.fr\/app\/wp-json\/wp\/v2\/product_cat?post=1615308"},{"taxonomy":"product_tag","embeddable":true,"href":"https:\/\/streetmarkets.fr\/app\/wp-json\/wp\/v2\/product_tag?post=1615308"}],"curies":[{"name":"wp","href":"https:\/\/api.w.org\/{rel}","templated":true}]}}