{"id":1604743,"date":"2025-03-28T07:42:47","date_gmt":"2025-03-28T06:42:47","guid":{"rendered":"https:\/\/streetmarkets.fr\/app\/produit\/collier-valene-rose-bohemian-rhapsodie\/"},"modified":"2026-05-08T08:38:13","modified_gmt":"2026-05-08T06:38:13","slug":"collier-valene-rose-bohemian-rhapsodie","status":"publish","type":"product","link":"https:\/\/streetmarkets.fr\/app\/produit\/collier-valene-rose-bohemian-rhapsodie\/","title":{"rendered":"Collier Valene rose &#8211; Bohemian Rhapsodie"},"content":{"rendered":"<div class=\"ProductItem-details-excerpt ProductItem-details-excerpt-below-price\" data-content-field=\"excerpt\" id=\"yui_3_17_2_1_1742390087768_132\">\n<p>Le collier VALENE est en quartz rose, zircons et plaqu\u00e9 or 5 microns.<\/p>\n<p><span>Le quartz rose aide \u00e0 r\u00e9duire le stress et l&#8217;anxi\u00e9t\u00e9.\u00a0<\/span><\/p>\n<p>Mesure : 38cm<\/p>\n<\/div>\n<div class=\"ProductItem-quantity-add-to-cart\">\n<div class=\"product-quantity-input\" data-item-id=\"671fca8a08402a7ce4ba6bd6\" data-animation-role=\"content\" id=\"yui_3_17_2_1_1742390087768_131\"><\/div>\n<\/div>\n","protected":false},"excerpt":{"rendered":"<p>Le collier VALENE est en quartz rose, zircons et plaqu\u00e9 or 5 microns. Le quartz rose aide \u00e0 r\u00e9duire le stress et l&#8217;anxi\u00e9t\u00e9.\u00a0 Mesure : 38cm<\/p>\n","protected":false},"featured_media":1604744,"comment_status":"open","ping_status":"closed","template":"","meta":[],"product_brand":[],"product_cat":[1807,1756],"product_tag":[2244],"acf":[],"_links":{"self":[{"href":"https:\/\/streetmarkets.fr\/app\/wp-json\/wp\/v2\/product\/1604743"}],"collection":[{"href":"https:\/\/streetmarkets.fr\/app\/wp-json\/wp\/v2\/product"}],"about":[{"href":"https:\/\/streetmarkets.fr\/app\/wp-json\/wp\/v2\/types\/product"}],"replies":[{"embeddable":true,"href":"https:\/\/streetmarkets.fr\/app\/wp-json\/wp\/v2\/comments?post=1604743"}],"wp:featuredmedia":[{"embeddable":true,"href":"https:\/\/streetmarkets.fr\/app\/wp-json\/wp\/v2\/media\/1604744"}],"wp:attachment":[{"href":"https:\/\/streetmarkets.fr\/app\/wp-json\/wp\/v2\/media?parent=1604743"}],"wp:term":[{"taxonomy":"product_brand","embeddable":true,"href":"https:\/\/streetmarkets.fr\/app\/wp-json\/wp\/v2\/product_brand?post=1604743"},{"taxonomy":"product_cat","embeddable":true,"href":"https:\/\/streetmarkets.fr\/app\/wp-json\/wp\/v2\/product_cat?post=1604743"},{"taxonomy":"product_tag","embeddable":true,"href":"https:\/\/streetmarkets.fr\/app\/wp-json\/wp\/v2\/product_tag?post=1604743"}],"curies":[{"name":"wp","href":"https:\/\/api.w.org\/{rel}","templated":true}]}}