{"id":1604728,"date":"2025-03-28T07:42:45","date_gmt":"2025-03-28T06:42:45","guid":{"rendered":"https:\/\/streetmarkets.fr\/app\/produit\/collier-carletta-bohemian-rhapsodie\/"},"modified":"2026-05-12T08:38:26","modified_gmt":"2026-05-12T06:38:26","slug":"collier-carletta-bohemian-rhapsodie","status":"publish","type":"product","link":"https:\/\/streetmarkets.fr\/app\/produit\/collier-carletta-bohemian-rhapsodie\/","title":{"rendered":"Collier Carletta &#8211; Bohemian Rhapsodie"},"content":{"rendered":"<div class=\"ProductItem-details-excerpt ProductItem-details-excerpt-below-price\" data-content-field=\"excerpt\" id=\"yui_3_17_2_1_1742390087768_132\">\n<p>Le collier Carletta est compos\u00e9 d&#8217;\u00e9meraude, de turquoise, d&#8217;os Navajo;<\/p>\n<p>Il est plaqu\u00e9 or 5 microns.<\/p>\n<p>Mesure : 40 cm<\/p>\n<\/div>\n<div class=\"ProductItem-quantity-add-to-cart\">\n<div class=\"product-quantity-input\" data-item-id=\"671fca8a08402a7ce4ba6bd6\" data-animation-role=\"content\" id=\"yui_3_17_2_1_1742390087768_131\"><\/div>\n<\/div>\n","protected":false},"excerpt":{"rendered":"<p>Le collier Carletta est compos\u00e9 d&#8217;\u00e9meraude, de turquoise, d&#8217;os Navajo; Il est plaqu\u00e9 or 5 microns. Mesure : 40 cm<\/p>\n","protected":false},"featured_media":1604729,"comment_status":"open","ping_status":"closed","template":"","meta":[],"product_brand":[],"product_cat":[1807,1756],"product_tag":[2244],"acf":[],"_links":{"self":[{"href":"https:\/\/streetmarkets.fr\/app\/wp-json\/wp\/v2\/product\/1604728"}],"collection":[{"href":"https:\/\/streetmarkets.fr\/app\/wp-json\/wp\/v2\/product"}],"about":[{"href":"https:\/\/streetmarkets.fr\/app\/wp-json\/wp\/v2\/types\/product"}],"replies":[{"embeddable":true,"href":"https:\/\/streetmarkets.fr\/app\/wp-json\/wp\/v2\/comments?post=1604728"}],"wp:featuredmedia":[{"embeddable":true,"href":"https:\/\/streetmarkets.fr\/app\/wp-json\/wp\/v2\/media\/1604729"}],"wp:attachment":[{"href":"https:\/\/streetmarkets.fr\/app\/wp-json\/wp\/v2\/media?parent=1604728"}],"wp:term":[{"taxonomy":"product_brand","embeddable":true,"href":"https:\/\/streetmarkets.fr\/app\/wp-json\/wp\/v2\/product_brand?post=1604728"},{"taxonomy":"product_cat","embeddable":true,"href":"https:\/\/streetmarkets.fr\/app\/wp-json\/wp\/v2\/product_cat?post=1604728"},{"taxonomy":"product_tag","embeddable":true,"href":"https:\/\/streetmarkets.fr\/app\/wp-json\/wp\/v2\/product_tag?post=1604728"}],"curies":[{"name":"wp","href":"https:\/\/api.w.org\/{rel}","templated":true}]}}