{"id":1598109,"date":"2025-03-28T01:01:53","date_gmt":"2025-03-28T00:01:53","guid":{"rendered":"https:\/\/streetmarkets.fr\/app\/produit\/robe-longue-bretelles-robbin-s25-femme-chocolat\/"},"modified":"2025-07-07T01:51:25","modified_gmt":"2025-07-06T23:51:25","slug":"robe-longue-bretelles-robbin-s25-femme-chocolat","status":"publish","type":"product","link":"https:\/\/streetmarkets.fr\/app\/produit\/robe-longue-bretelles-robbin-s25-femme-chocolat\/","title":{"rendered":"Robe Longue Bretelles Robbin (S25 \/ FEMME \/ Chocolat)"},"content":{"rendered":"<p>Une pi\u00e8ce audacieuse pour toutes les occasions. Cette robe bustier longue d\u00e9voile un jeu de d\u00e9coupes, ponctu\u00e9 de fleurs. \u00c0 nouer au cou, elle offre une jupe \u00e9vas\u00e9e au tomb\u00e9 fluide.<\/p>\n<p>&#8211; Robe bustier longue Femme<br \/>\n<br \/>&#8211; D\u00e9coupes<br \/>\n<br \/>&#8211; Fleurs<br \/>\n<br \/>&#8211; Liens \u00e0 nouer au cou<br \/>\n<br \/>&#8211; Fermeture zipp\u00e9e sur le c\u00f4t\u00e9<br \/>\n<br \/>&#8211; Jupe \u00e9vas\u00e9e<br \/>\n<br \/>&#8211; Coupe slim<\/p>\n","protected":false},"excerpt":{"rendered":"<p>Une pi\u00e8ce audacieuse pour toutes les occasions. Cette robe bustier longue d\u00e9voile un jeu de d\u00e9coupes, ponctu\u00e9 de fleurs. \u00c0 nouer au cou, elle offre une jupe \u00e9vas\u00e9e au tomb\u00e9 fluide. &#8211; Robe bustier longue Femme &#8211; D\u00e9coupes &#8211; Fleurs &#8211; Liens \u00e0 nouer au cou &#8211; Fermeture zipp\u00e9e sur le c\u00f4t\u00e9 &#8211; Jupe \u00e9vas\u00e9e [&hellip;]<\/p>\n","protected":false},"featured_media":1598110,"comment_status":"open","ping_status":"closed","template":"","meta":[],"product_brand":[6868],"product_cat":[1756,1762],"product_tag":[2244],"acf":[],"_links":{"self":[{"href":"https:\/\/streetmarkets.fr\/app\/wp-json\/wp\/v2\/product\/1598109"}],"collection":[{"href":"https:\/\/streetmarkets.fr\/app\/wp-json\/wp\/v2\/product"}],"about":[{"href":"https:\/\/streetmarkets.fr\/app\/wp-json\/wp\/v2\/types\/product"}],"replies":[{"embeddable":true,"href":"https:\/\/streetmarkets.fr\/app\/wp-json\/wp\/v2\/comments?post=1598109"}],"wp:featuredmedia":[{"embeddable":true,"href":"https:\/\/streetmarkets.fr\/app\/wp-json\/wp\/v2\/media\/1598110"}],"wp:attachment":[{"href":"https:\/\/streetmarkets.fr\/app\/wp-json\/wp\/v2\/media?parent=1598109"}],"wp:term":[{"taxonomy":"product_brand","embeddable":true,"href":"https:\/\/streetmarkets.fr\/app\/wp-json\/wp\/v2\/product_brand?post=1598109"},{"taxonomy":"product_cat","embeddable":true,"href":"https:\/\/streetmarkets.fr\/app\/wp-json\/wp\/v2\/product_cat?post=1598109"},{"taxonomy":"product_tag","embeddable":true,"href":"https:\/\/streetmarkets.fr\/app\/wp-json\/wp\/v2\/product_tag?post=1598109"}],"curies":[{"name":"wp","href":"https:\/\/api.w.org\/{rel}","templated":true}]}}