{"id":1595293,"date":"2025-03-27T05:51:24","date_gmt":"2025-03-27T04:51:24","guid":{"rendered":"https:\/\/streetmarkets.fr\/app\/produit\/slim-jose-seersucker-trousers\/"},"modified":"2026-03-16T05:46:15","modified_gmt":"2026-03-16T04:46:15","slug":"slim-jose-seersucker-trousers","status":"publish","type":"product","link":"https:\/\/streetmarkets.fr\/app\/produit\/slim-jose-seersucker-trousers\/","title":{"rendered":"Slim Jose Seersucker Trousers"},"content":{"rendered":"<p dir=\"auto\">Adoptez le tissu phare de l&#8217;\u00e9t\u00e9 avec le <strong>Slim Jose Seersucker Trousers<\/strong> de la marque <strong>Selected<\/strong>, disponible chez <strong>Harold<\/strong>, votre boutique de <strong>pr\u00eat-\u00e0-porter homme<\/strong> situ\u00e9e dans le quartier du Marais \u00e0 Paris. Ce pantalon en seersucker est id\u00e9al pour les journ\u00e9es chaudes, alliant <strong>confort et style<\/strong>.<\/p>\n<p dir=\"auto\">Sa coupe slim s&#8217;ajuste parfaitement \u00e0 votre morphologie, tandis que les plis marqu\u00e9s au centre ajoutent une touche de sophistication. La <strong>taille mi-haute<\/strong> et la braguette zipp\u00e9e surmont\u00e9e d&#8217;un bouton rivet offrent un <strong>confort optimal<\/strong>. Les passants de ceinture et les poches lat\u00e9rales en biais compl\u00e8tent ce design pratique et \u00e9l\u00e9gant.<\/p>\n<p dir=\"auto\">Le tissu seersucker, <strong>l\u00e9ger et respirant<\/strong>, conf\u00e8re \u00e0 ce pantalon une texture subtile et raffin\u00e9e. Pour un look complet et harmonieux, portez-le avec le <a href=\"https:\/\/harold-paris.com\/products\/slim-jose-seersucker-blazer\" target=\"_blank\" rel=\"noopener\"><strong>blazer assorti de notre collection<\/strong><\/a>, une chemise en coton et des mocassins en daim. Le <strong>Slim Jose Seersucker Trousers<\/strong> est la pi\u00e8ce indispensable de votre vestiaire estival, parfait pour toutes vos occasions. Visitez notre <strong>boutique Harold<\/strong> pour d\u00e9couvrir cette pi\u00e8ce et compl\u00e9ter votre look avec d&#8217;autres articles de notre collection.<\/p>\n","protected":false},"excerpt":{"rendered":"<p>Adoptez le tissu phare de l&#8217;\u00e9t\u00e9 avec le Slim Jose Seersucker Trousers de la marque Selected, disponible chez Harold, votre boutique de pr\u00eat-\u00e0-porter homme situ\u00e9e dans le quartier du Marais \u00e0 Paris. Ce pantalon en seersucker est id\u00e9al pour les journ\u00e9es chaudes, alliant confort et style. Sa coupe slim s&#8217;ajuste parfaitement \u00e0 votre morphologie, tandis [&hellip;]<\/p>\n","protected":false},"featured_media":1595294,"comment_status":"open","ping_status":"closed","template":"","meta":[],"product_brand":[],"product_cat":[1756,1758],"product_tag":[2244],"acf":[],"_links":{"self":[{"href":"https:\/\/streetmarkets.fr\/app\/wp-json\/wp\/v2\/product\/1595293"}],"collection":[{"href":"https:\/\/streetmarkets.fr\/app\/wp-json\/wp\/v2\/product"}],"about":[{"href":"https:\/\/streetmarkets.fr\/app\/wp-json\/wp\/v2\/types\/product"}],"replies":[{"embeddable":true,"href":"https:\/\/streetmarkets.fr\/app\/wp-json\/wp\/v2\/comments?post=1595293"}],"wp:featuredmedia":[{"embeddable":true,"href":"https:\/\/streetmarkets.fr\/app\/wp-json\/wp\/v2\/media\/1595294"}],"wp:attachment":[{"href":"https:\/\/streetmarkets.fr\/app\/wp-json\/wp\/v2\/media?parent=1595293"}],"wp:term":[{"taxonomy":"product_brand","embeddable":true,"href":"https:\/\/streetmarkets.fr\/app\/wp-json\/wp\/v2\/product_brand?post=1595293"},{"taxonomy":"product_cat","embeddable":true,"href":"https:\/\/streetmarkets.fr\/app\/wp-json\/wp\/v2\/product_cat?post=1595293"},{"taxonomy":"product_tag","embeddable":true,"href":"https:\/\/streetmarkets.fr\/app\/wp-json\/wp\/v2\/product_tag?post=1595293"}],"curies":[{"name":"wp","href":"https:\/\/api.w.org\/{rel}","templated":true}]}}