{"id":1590249,"date":"2025-03-26T03:08:49","date_gmt":"2025-03-26T02:08:49","guid":{"rendered":"https:\/\/streetmarkets.fr\/app\/produit\/nio-far\/"},"modified":"2026-05-10T03:51:06","modified_gmt":"2026-05-10T01:51:06","slug":"nio-far","status":"publish","type":"product","link":"https:\/\/streetmarkets.fr\/app\/produit\/nio-far\/","title":{"rendered":"Nio Far"},"content":{"rendered":"<p class=\"p1\">\u00ab Nio Far \u00bb est le premier livre du photographe fran\u00e7ais Jules Dalod-Danesi. Ce livre est le fruit de plusieurs rencontres dont celle d\u2019un de ses amis d\u2019enfance d\u2019origine s\u00e9n\u00e9galaise. Inspir\u00e9 par cette amiti\u00e9, Jules explore le pays \u00e0 travers des rencontres poignantes, de Ndiedieng, un village isol\u00e9, \u00e0 l\u2019\u00eele de Gor\u00e9e et aux villages de p\u00eacheurs du Sin\u00e9 Saloum. \u00c0 chaque \u00e9tape, il capture la beaut\u00e9 des lieux, la chaleur des gens et leur joie de vivre, notamment \u00e0 travers un groupe d\u2019enfants rencontr\u00e9s sur une plage. \u00c0 travers son regard, ses images r\u00e9alis\u00e9es \u00e0 l\u2019argentique transmettent chaque instant, chaque lumi\u00e8re, chaque couleur, chaque parfum. \u00ab Nio Far \u00bb, signifie \u00ab on est ensemble \u00bb. Ce leitmotiv r\u00e9sume l\u2019esprit d\u2019hospitalit\u00e9 et de solidarit\u00e9 qu\u2019il a v\u00e9cu, et rend hommage \u00e0 ceux qui lui ont offert bien plus que ce qu\u2019il \u00e9tait venu chercher.<\/p>\n<p class=\"p1\">Auto-\u00e9dition<\/p>\n<p class=\"p1\">21&#215;26 cm \u00e0 la fran\u00e7aise<\/p>\n<p class=\"p1\">120 pages<\/p>\n<p class=\"p1\">Couverture rigide en tissu<\/p>\n<p class=\"p1\">\u00c9dition bilingue<\/p>\n<p class=\"p1\">Fran\u00e7ais \/ Anglais<\/p>\n<p class=\"p1\">Limit\u00e9 \u00e0 400 copies<\/p>\n<p class=\"p1\">ISBN 978-2-9576446-4-3<\/p>\n<p class=\"p1\">\u00a0<\/p>\n","protected":false},"excerpt":{"rendered":"<p>\u00ab Nio Far \u00bb est le premier livre du photographe fran\u00e7ais Jules Dalod-Danesi. Ce livre est le fruit de plusieurs rencontres dont celle d\u2019un de ses amis d\u2019enfance d\u2019origine s\u00e9n\u00e9galaise. Inspir\u00e9 par cette amiti\u00e9, Jules explore le pays \u00e0 travers des rencontres poignantes, de Ndiedieng, un village isol\u00e9, \u00e0 l\u2019\u00eele de Gor\u00e9e et aux villages [&hellip;]<\/p>\n","protected":false},"featured_media":1590250,"comment_status":"open","ping_status":"closed","template":"","meta":[],"product_brand":[],"product_cat":[1756,1760],"product_tag":[2244],"acf":[],"_links":{"self":[{"href":"https:\/\/streetmarkets.fr\/app\/wp-json\/wp\/v2\/product\/1590249"}],"collection":[{"href":"https:\/\/streetmarkets.fr\/app\/wp-json\/wp\/v2\/product"}],"about":[{"href":"https:\/\/streetmarkets.fr\/app\/wp-json\/wp\/v2\/types\/product"}],"replies":[{"embeddable":true,"href":"https:\/\/streetmarkets.fr\/app\/wp-json\/wp\/v2\/comments?post=1590249"}],"wp:featuredmedia":[{"embeddable":true,"href":"https:\/\/streetmarkets.fr\/app\/wp-json\/wp\/v2\/media\/1590250"}],"wp:attachment":[{"href":"https:\/\/streetmarkets.fr\/app\/wp-json\/wp\/v2\/media?parent=1590249"}],"wp:term":[{"taxonomy":"product_brand","embeddable":true,"href":"https:\/\/streetmarkets.fr\/app\/wp-json\/wp\/v2\/product_brand?post=1590249"},{"taxonomy":"product_cat","embeddable":true,"href":"https:\/\/streetmarkets.fr\/app\/wp-json\/wp\/v2\/product_cat?post=1590249"},{"taxonomy":"product_tag","embeddable":true,"href":"https:\/\/streetmarkets.fr\/app\/wp-json\/wp\/v2\/product_tag?post=1590249"}],"curies":[{"name":"wp","href":"https:\/\/api.w.org\/{rel}","templated":true}]}}