{"id":1585321,"date":"2025-03-26T01:06:04","date_gmt":"2025-03-26T00:06:04","guid":{"rendered":"https:\/\/streetmarkets.fr\/app\/produit\/nouveau-laurence-bras-robe-ciglong-red\/"},"modified":"2025-07-09T02:04:45","modified_gmt":"2025-07-09T00:04:45","slug":"nouveau-laurence-bras-robe-ciglong-red","status":"publish","type":"product","link":"https:\/\/streetmarkets.fr\/app\/produit\/nouveau-laurence-bras-robe-ciglong-red\/","title":{"rendered":"LAURENCE BRAS Robe Ciglong Red"},"content":{"rendered":"<p class=\"\" data-rte-preserve-empty=\"true\">Robe longue en coton \u00e0 motif floral, coupe ample, encolure arrondie et boutonn\u00e9e sur toute la hauteur, manches longues et poignets resserr\u00e9s, deux poches lat\u00e9rales. Fraiche et confortable. <\/p>\n<p class=\"\" data-rte-preserve-empty=\"true\">\n<p class=\"\" data-rte-preserve-empty=\"true\">D\u00e9tail : 100% coton<\/p>\n","protected":false},"excerpt":{"rendered":"<p>Robe longue en coton \u00e0 motif floral, coupe ample, encolure arrondie et boutonn\u00e9e sur toute la hauteur, manches longues et poignets resserr\u00e9s, deux poches lat\u00e9rales. Fraiche et confortable. D\u00e9tail : 100% coton<\/p>\n","protected":false},"featured_media":1585322,"comment_status":"open","ping_status":"closed","template":"","meta":[],"product_brand":[],"product_cat":[1756,1762],"product_tag":[2244],"acf":[],"_links":{"self":[{"href":"https:\/\/streetmarkets.fr\/app\/wp-json\/wp\/v2\/product\/1585321"}],"collection":[{"href":"https:\/\/streetmarkets.fr\/app\/wp-json\/wp\/v2\/product"}],"about":[{"href":"https:\/\/streetmarkets.fr\/app\/wp-json\/wp\/v2\/types\/product"}],"replies":[{"embeddable":true,"href":"https:\/\/streetmarkets.fr\/app\/wp-json\/wp\/v2\/comments?post=1585321"}],"wp:featuredmedia":[{"embeddable":true,"href":"https:\/\/streetmarkets.fr\/app\/wp-json\/wp\/v2\/media\/1585322"}],"wp:attachment":[{"href":"https:\/\/streetmarkets.fr\/app\/wp-json\/wp\/v2\/media?parent=1585321"}],"wp:term":[{"taxonomy":"product_brand","embeddable":true,"href":"https:\/\/streetmarkets.fr\/app\/wp-json\/wp\/v2\/product_brand?post=1585321"},{"taxonomy":"product_cat","embeddable":true,"href":"https:\/\/streetmarkets.fr\/app\/wp-json\/wp\/v2\/product_cat?post=1585321"},{"taxonomy":"product_tag","embeddable":true,"href":"https:\/\/streetmarkets.fr\/app\/wp-json\/wp\/v2\/product_tag?post=1585321"}],"curies":[{"name":"wp","href":"https:\/\/api.w.org\/{rel}","templated":true}]}}