{"id":1585313,"date":"2025-03-26T01:06:03","date_gmt":"2025-03-26T00:06:03","guid":{"rendered":"https:\/\/streetmarkets.fr\/app\/produit\/nouveau-laurence-bras-blouse-jaipur-red\/"},"modified":"2025-07-09T02:04:45","modified_gmt":"2025-07-09T00:04:45","slug":"nouveau-laurence-bras-blouse-jaipur-red","status":"publish","type":"product","link":"https:\/\/streetmarkets.fr\/app\/produit\/nouveau-laurence-bras-blouse-jaipur-red\/","title":{"rendered":"LAURENCE BRAS Blouse Jaipur Red -40%"},"content":{"rendered":"<p class=\"\" data-rte-preserve-empty=\"true\">Blouse en coton \u00e0 motif floral, coupe ample et droite, boutonn\u00e9e sur toute la hauteur avec boutons bijoux, manches longues et poignets resserr\u00e9s, emmanchure large. Boutons pr\u00e9cieux qui peuvent facilement se retirer pour le lavage de la blouse. Le mod\u00e8le taille grand. <\/p>\n<p class=\"\" data-rte-preserve-empty=\"true\">\n<p class=\"\" data-rte-preserve-empty=\"true\">D\u00e9tail : 100% coton<\/p>\n","protected":false},"excerpt":{"rendered":"<p>Blouse en coton \u00e0 motif floral, coupe ample et droite, boutonn\u00e9e sur toute la hauteur avec boutons bijoux, manches longues et poignets resserr\u00e9s, emmanchure large. Boutons pr\u00e9cieux qui peuvent facilement se retirer pour le lavage de la blouse. Le mod\u00e8le taille grand. D\u00e9tail : 100% coton<\/p>\n","protected":false},"featured_media":1585314,"comment_status":"open","ping_status":"closed","template":"","meta":[],"product_brand":[],"product_cat":[1756,1762],"product_tag":[2244],"acf":[],"_links":{"self":[{"href":"https:\/\/streetmarkets.fr\/app\/wp-json\/wp\/v2\/product\/1585313"}],"collection":[{"href":"https:\/\/streetmarkets.fr\/app\/wp-json\/wp\/v2\/product"}],"about":[{"href":"https:\/\/streetmarkets.fr\/app\/wp-json\/wp\/v2\/types\/product"}],"replies":[{"embeddable":true,"href":"https:\/\/streetmarkets.fr\/app\/wp-json\/wp\/v2\/comments?post=1585313"}],"wp:featuredmedia":[{"embeddable":true,"href":"https:\/\/streetmarkets.fr\/app\/wp-json\/wp\/v2\/media\/1585314"}],"wp:attachment":[{"href":"https:\/\/streetmarkets.fr\/app\/wp-json\/wp\/v2\/media?parent=1585313"}],"wp:term":[{"taxonomy":"product_brand","embeddable":true,"href":"https:\/\/streetmarkets.fr\/app\/wp-json\/wp\/v2\/product_brand?post=1585313"},{"taxonomy":"product_cat","embeddable":true,"href":"https:\/\/streetmarkets.fr\/app\/wp-json\/wp\/v2\/product_cat?post=1585313"},{"taxonomy":"product_tag","embeddable":true,"href":"https:\/\/streetmarkets.fr\/app\/wp-json\/wp\/v2\/product_tag?post=1585313"}],"curies":[{"name":"wp","href":"https:\/\/api.w.org\/{rel}","templated":true}]}}