{"id":1585281,"date":"2025-03-26T01:05:59","date_gmt":"2025-03-26T00:05:59","guid":{"rendered":"https:\/\/streetmarkets.fr\/app\/produit\/nouveau-laurence-bras-short-boxer-pink\/"},"modified":"2025-07-05T02:04:53","modified_gmt":"2025-07-05T00:04:53","slug":"nouveau-laurence-bras-short-boxer-pink","status":"publish","type":"product","link":"https:\/\/streetmarkets.fr\/app\/produit\/nouveau-laurence-bras-short-boxer-pink\/","title":{"rendered":"Nouveau ! LAURENCE BRAS Short Boxer Pink -30%"},"content":{"rendered":"<p class=\"\" data-rte-preserve-empty=\"true\">Short en coton coupe ample, taille haute et \u00e9lastique, deux poches lat\u00e9rales, souple, frais et confortable. Le mod\u00e8le taille petit. <\/p>\n<p class=\"\" data-rte-preserve-empty=\"true\">\n<p class=\"\" data-rte-preserve-empty=\"true\">D\u00e9tail : 100% coton<\/p>\n","protected":false},"excerpt":{"rendered":"<p>Short en coton coupe ample, taille haute et \u00e9lastique, deux poches lat\u00e9rales, souple, frais et confortable. Le mod\u00e8le taille petit. D\u00e9tail : 100% coton<\/p>\n","protected":false},"featured_media":1585282,"comment_status":"open","ping_status":"closed","template":"","meta":[],"product_brand":[],"product_cat":[1756,1762],"product_tag":[2244],"acf":[],"_links":{"self":[{"href":"https:\/\/streetmarkets.fr\/app\/wp-json\/wp\/v2\/product\/1585281"}],"collection":[{"href":"https:\/\/streetmarkets.fr\/app\/wp-json\/wp\/v2\/product"}],"about":[{"href":"https:\/\/streetmarkets.fr\/app\/wp-json\/wp\/v2\/types\/product"}],"replies":[{"embeddable":true,"href":"https:\/\/streetmarkets.fr\/app\/wp-json\/wp\/v2\/comments?post=1585281"}],"wp:featuredmedia":[{"embeddable":true,"href":"https:\/\/streetmarkets.fr\/app\/wp-json\/wp\/v2\/media\/1585282"}],"wp:attachment":[{"href":"https:\/\/streetmarkets.fr\/app\/wp-json\/wp\/v2\/media?parent=1585281"}],"wp:term":[{"taxonomy":"product_brand","embeddable":true,"href":"https:\/\/streetmarkets.fr\/app\/wp-json\/wp\/v2\/product_brand?post=1585281"},{"taxonomy":"product_cat","embeddable":true,"href":"https:\/\/streetmarkets.fr\/app\/wp-json\/wp\/v2\/product_cat?post=1585281"},{"taxonomy":"product_tag","embeddable":true,"href":"https:\/\/streetmarkets.fr\/app\/wp-json\/wp\/v2\/product_tag?post=1585281"}],"curies":[{"name":"wp","href":"https:\/\/api.w.org\/{rel}","templated":true}]}}