{"id":1585251,"date":"2025-03-26T01:01:31","date_gmt":"2025-03-26T00:01:31","guid":{"rendered":"https:\/\/streetmarkets.fr\/app\/produit\/robe-courte-jenna-s25-femme-spring-blue\/"},"modified":"2025-10-02T01:59:55","modified_gmt":"2025-10-01T23:59:55","slug":"robe-courte-jenna-s25-femme-spring-blue","status":"publish","type":"product","link":"https:\/\/streetmarkets.fr\/app\/produit\/robe-courte-jenna-s25-femme-spring-blue\/","title":{"rendered":"Robe Courte Jenna (S25 \/ FEMME \/ Spring Blue)"},"content":{"rendered":"<p>Cette robe courte d\u00e9voile un jeu de volumes avec un tomb\u00e9 \u00e9vas\u00e9 et pliss\u00e9. Son encolure carr\u00e9e est soulign\u00e9e par des bretelles fines ajustables. Un indispensable du vestiaire f\u00e9minin, \u00e0 associer avec des sneakers ou des escarpins.<\/p>\n<p>&#8211; Robe courte Femme<br \/>\n<br \/>&#8211; Encolure carr\u00e9e<br \/>\n<br \/>&#8211; Bretelles fines ajustables<br \/>\n<br \/>&#8211; Jupe \u00e9vas\u00e9e pliss\u00e9e<br \/>\n<br \/>&#8211; Coupe slim<\/p>\n","protected":false},"excerpt":{"rendered":"<p>Cette robe courte d\u00e9voile un jeu de volumes avec un tomb\u00e9 \u00e9vas\u00e9 et pliss\u00e9. Son encolure carr\u00e9e est soulign\u00e9e par des bretelles fines ajustables. Un indispensable du vestiaire f\u00e9minin, \u00e0 associer avec des sneakers ou des escarpins. &#8211; Robe courte Femme &#8211; Encolure carr\u00e9e &#8211; Bretelles fines ajustables &#8211; Jupe \u00e9vas\u00e9e pliss\u00e9e &#8211; Coupe slim<\/p>\n","protected":false},"featured_media":1585252,"comment_status":"open","ping_status":"closed","template":"","meta":[],"product_brand":[6868],"product_cat":[1756,1762],"product_tag":[2244],"acf":[],"_links":{"self":[{"href":"https:\/\/streetmarkets.fr\/app\/wp-json\/wp\/v2\/product\/1585251"}],"collection":[{"href":"https:\/\/streetmarkets.fr\/app\/wp-json\/wp\/v2\/product"}],"about":[{"href":"https:\/\/streetmarkets.fr\/app\/wp-json\/wp\/v2\/types\/product"}],"replies":[{"embeddable":true,"href":"https:\/\/streetmarkets.fr\/app\/wp-json\/wp\/v2\/comments?post=1585251"}],"wp:featuredmedia":[{"embeddable":true,"href":"https:\/\/streetmarkets.fr\/app\/wp-json\/wp\/v2\/media\/1585252"}],"wp:attachment":[{"href":"https:\/\/streetmarkets.fr\/app\/wp-json\/wp\/v2\/media?parent=1585251"}],"wp:term":[{"taxonomy":"product_brand","embeddable":true,"href":"https:\/\/streetmarkets.fr\/app\/wp-json\/wp\/v2\/product_brand?post=1585251"},{"taxonomy":"product_cat","embeddable":true,"href":"https:\/\/streetmarkets.fr\/app\/wp-json\/wp\/v2\/product_cat?post=1585251"},{"taxonomy":"product_tag","embeddable":true,"href":"https:\/\/streetmarkets.fr\/app\/wp-json\/wp\/v2\/product_tag?post=1585251"}],"curies":[{"name":"wp","href":"https:\/\/api.w.org\/{rel}","templated":true}]}}