{"id":1585169,"date":"2025-03-26T00:59:22","date_gmt":"2025-03-25T23:59:22","guid":{"rendered":"https:\/\/streetmarkets.fr\/app\/produit\/fouta-serviette-de-plage-nid-dabeille-coton-recycle-100x200cm-by-foutas\/"},"modified":"2026-05-09T01:59:20","modified_gmt":"2026-05-08T23:59:20","slug":"fouta-serviette-de-plage-nid-dabeille-coton-recycle-100x200cm-by-foutas","status":"publish","type":"product","link":"https:\/\/streetmarkets.fr\/app\/produit\/fouta-serviette-de-plage-nid-dabeille-coton-recycle-100x200cm-by-foutas\/","title":{"rendered":"Fouta Serviette de Plage Nid d&#8217;Abeille coton recycl\u00e9 100x200cm &#8211; By Foutas"},"content":{"rendered":"<h2 data-mce-fragment=\"1\">Fouta Serviette de Plage Nid d&#8217;Abeille coton recycl\u00e9 100x200cm &#8211; By Foutas<\/h2>\n<p><img decoding=\"async\" src=\"https:\/\/cdn.shopify.com\/s\/files\/1\/0593\/7093\/0335\/files\/ByFoutaslogo_480x480.jpg?v=1678895203\" alt=\"\" data-mce-fragment=\"1\"><img decoding=\"async\" src=\"https:\/\/cdn.shopify.com\/s\/files\/1\/0593\/7093\/0335\/files\/Picto_Mode_Textile_480x480.jpg?v=1677763747\" alt=\"\" data-mce-fragment=\"1\"><img decoding=\"async\" src=\"https:\/\/cdn.shopify.com\/s\/files\/1\/0593\/7093\/0335\/files\/Picto_Matieres_recyclees_480x480.jpg?v=1677763747\" alt=\"\" data-mce-fragment=\"1\"><img decoding=\"async\" src=\"https:\/\/cdn.shopify.com\/s\/files\/1\/0593\/7093\/0335\/files\/Picto_Vegan_480x480.jpg?v=1677763747\" alt=\"\" data-mce-fragment=\"1\"><\/p>\n<p data-mce-fragment=\"1\"><span>L\u00e9g\u00e8re, \u00e9l\u00e9gante et s\u00e9chant rapidement, la Fouta Nid d&#8217;Abeille est int\u00e9gralement tiss\u00e9e en coton recycl\u00e9 et sans composant chimique. Son tissage en nid d&#8217;abeille la rend naturellement plus absorbante et plus douce qu&#8217;un tissage classique.<\/span><\/p>\n<p data-mce-fragment=\"1\"><span>Tr\u00e8s compacte, elle prendra peu de place dans votre sac. Parfaite en fouta de plage, vous pouvez aussi l&#8217;utiliser en serviette de bain ou par\u00e9o, pour la plage, la piscine ou dans votre salle de bain.<\/span><\/p>\n<p data-mce-fragment=\"1\"><span>Une douceur et un confort absolus, m\u00eame \u00e0 la plage. Sa grande taille de 100 x 200 cm vous permet de vous allonger confortablement et sa mati\u00e8re unique emp\u00eache la fixation du sable.<\/span><\/p>\n<p data-mce-fragment=\"1\"><span>Votre Fouta Nid d&#8217;Abeille convient \u00e9galement pour le sport, puisqu&#8217;elle est aussi absorbante qu&#8217;une serviette en microfibre, tout en \u00e9tant aussi compacte.<\/span><\/p>\n<p data-mce-fragment=\"1\"><span>Dessin\u00e9e en France et fabriqu\u00e9e \u00e0 Ksar Hellal en Tunisie, la Fouta Nid d&#8217;Abeille a \u00e9t\u00e9 tiss\u00e9e \u00e0 partir de fils de coton 100% recycl\u00e9s, provenant des exc\u00e9dents des grandes marques de pr\u00eat \u00e0 porter.<\/span><\/p>\n<p data-mce-fragment=\"1\"><span>La Fouta Nid d&#8217;Abeille provient de m\u00e9tiers \u00e0 tisser artisanaux, manipul\u00e9s avec un savoir-faire ancestral. Pr\u00f4nant responsabilit\u00e9 et engagement, les nattes de chaque fouta sont tress\u00e9es \u00e0 la main par des artisanes souhaitant apporter un revenu compl\u00e9mentaire \u00e0 leur foyer.<\/span><\/p>\n<p data-mce-fragment=\"1\"><span>L\u00e9g\u00e8re et s\u00e9chant rapidement, la fouta est la serviette de plage id\u00e9ale. Elle peut \u00e9galement servir de serviette de hammam, serviette de sauna ou par\u00e9o.\u00a0<\/span><\/p>\n<h3 data-mce-fragment=\"1\"><span>ENTRETIEN<\/span><\/h3>\n<p><span>Lavez une premi\u00e8re fois votre fouta \u00e0 30\u00b0 avant la premi\u00e8re utilisation.<\/span>\u00a0Elle ne d\u00e9teint pas, vous pouvez donc la m\u00e9langer avec votre linge de maison.<br \/><span>Privil\u00e9giez ensuite des lavages \u00e0 30\u00b0 et laissez-la s\u00e9cher \u00e0 l&#8217;air libre. Vous pr\u00e9serverez ainsi les franges artisanales.<br \/><\/span><span>Votre fouta s&#8217;adoucira et deviendra de plus en plus absorbante au fil des lavages.<\/span><\/p>\n<h3 data-mce-fragment=\"1\"><span>BY FOUTAS<\/span><\/h3>\n<p data-mce-fragment=\"1\"><span>By Foutas est une marque fran\u00e7aise de fouta premium et \u00e9co-responsable.\u00a0Tiss\u00e9es artisanalement en Tunisie, leurs foutas sont con\u00e7ues \u00e0 100% avec du fil de coton recycl\u00e9\u00a0 certifi\u00e9 GRS et OEKO-TEX. Les franges sont nou\u00e9es \u00e0 la main par des artisanes locales travaillant de chez elles pour apporter un revenu compl\u00e9mentaire \u00e0 leur foyer.<\/span><\/p>\n<p data-mce-fragment=\"1\"><span>Soucieux de leur empreinte \u00e9cologique,\u00a0ils utilisent des emballages en mati\u00e8re organique recyclables et compostables et n&#8217;utilisent aucun produit chimique dans le processus de fabrication.<br \/><\/span><\/p>\n<h3 data-mce-fragment=\"1\"><span>INFORMATIONS<\/span><\/h3>\n<p data-mce-fragment=\"1\"><span>Mat\u00e9riaux :\u00a0100% coton recycl\u00e9<br \/>Dimensions : 200 cm x 100 cm<br \/>Poids net : 400g<br \/><\/span><\/p>\n","protected":false},"excerpt":{"rendered":"<p>Fouta Serviette de Plage Nid d&#8217;Abeille coton recycl\u00e9 100x200cm &#8211; By Foutas L\u00e9g\u00e8re, \u00e9l\u00e9gante et s\u00e9chant rapidement, la Fouta Nid d&#8217;Abeille est int\u00e9gralement tiss\u00e9e en coton recycl\u00e9 et sans composant chimique. Son tissage en nid d&#8217;abeille la rend naturellement plus absorbante et plus douce qu&#8217;un tissage classique. Tr\u00e8s compacte, elle prendra peu de place dans [&hellip;]<\/p>\n","protected":false},"featured_media":1585170,"comment_status":"open","ping_status":"closed","template":"","meta":[],"product_brand":[],"product_cat":[],"product_tag":[1810,1813],"acf":[],"_links":{"self":[{"href":"https:\/\/streetmarkets.fr\/app\/wp-json\/wp\/v2\/product\/1585169"}],"collection":[{"href":"https:\/\/streetmarkets.fr\/app\/wp-json\/wp\/v2\/product"}],"about":[{"href":"https:\/\/streetmarkets.fr\/app\/wp-json\/wp\/v2\/types\/product"}],"replies":[{"embeddable":true,"href":"https:\/\/streetmarkets.fr\/app\/wp-json\/wp\/v2\/comments?post=1585169"}],"wp:featuredmedia":[{"embeddable":true,"href":"https:\/\/streetmarkets.fr\/app\/wp-json\/wp\/v2\/media\/1585170"}],"wp:attachment":[{"href":"https:\/\/streetmarkets.fr\/app\/wp-json\/wp\/v2\/media?parent=1585169"}],"wp:term":[{"taxonomy":"product_brand","embeddable":true,"href":"https:\/\/streetmarkets.fr\/app\/wp-json\/wp\/v2\/product_brand?post=1585169"},{"taxonomy":"product_cat","embeddable":true,"href":"https:\/\/streetmarkets.fr\/app\/wp-json\/wp\/v2\/product_cat?post=1585169"},{"taxonomy":"product_tag","embeddable":true,"href":"https:\/\/streetmarkets.fr\/app\/wp-json\/wp\/v2\/product_tag?post=1585169"}],"curies":[{"name":"wp","href":"https:\/\/api.w.org\/{rel}","templated":true}]}}