{"id":1585075,"date":"2025-03-26T00:47:04","date_gmt":"2025-03-25T23:47:04","guid":{"rendered":"https:\/\/streetmarkets.fr\/app\/produit\/debardeur-allie-en-maille-de-coton-denim-recycle\/"},"modified":"2026-05-11T01:44:22","modified_gmt":"2026-05-10T23:44:22","slug":"debardeur-allie-en-maille-de-coton-denim-recycle","status":"publish","type":"product","link":"https:\/\/streetmarkets.fr\/app\/produit\/debardeur-allie-en-maille-de-coton-denim-recycle\/","title":{"rendered":"D\u00e9bardeur Allie en maille de coton denim recycl\u00e9"},"content":{"rendered":"<p><\/p>\n<ul>\n<li>\n<strong>d\u00e9bardeur<\/strong> &#8220;crop top&#8221; bleu denim<\/li>\n<li>\n<strong>maille<\/strong> de coton r\u00e9alis\u00e9e \u00e0 partir de <strong>jeans<\/strong> recycl\u00e9s\u00a0<\/li>\n<li>col carr\u00e9 et bretelles larges\u00a0<\/li>\n<li>coupe courte avec bas c\u00f4tel\u00e9\u00a0<\/li>\n<li>70% <strong>denim<\/strong> recycl\u00e9 25% coton 5% autres fibres issues des jeans<\/li>\n<li>marque<strong> \u00e9thique italienne <\/strong>de l&#8217;\u00e9conomie circulaire : <strong>Rif\u00f2<\/strong>\n<\/li>\n<\/ul>\n<p><strong>Ce top est confectionn\u00e9 en Toscane \u00e0 partir de fibres biologiques et recycl\u00e9es \u267b\ufe0f dans cette m\u00eame r\u00e9gion d&#8217;Italie\u00a0<\/strong><\/p>\n","protected":false},"excerpt":{"rendered":"<p>d\u00e9bardeur &#8220;crop top&#8221; bleu denim maille de coton r\u00e9alis\u00e9e \u00e0 partir de jeans recycl\u00e9s\u00a0 col carr\u00e9 et bretelles larges\u00a0 coupe courte avec bas c\u00f4tel\u00e9\u00a0 70% denim recycl\u00e9 25% coton 5% autres fibres issues des jeans marque \u00e9thique italienne de l&#8217;\u00e9conomie circulaire : Rif\u00f2 Ce top est confectionn\u00e9 en Toscane \u00e0 partir de fibres biologiques et [&hellip;]<\/p>\n","protected":false},"featured_media":1585076,"comment_status":"open","ping_status":"closed","template":"","meta":[],"product_brand":[],"product_cat":[1756,1762],"product_tag":[1810],"acf":[],"_links":{"self":[{"href":"https:\/\/streetmarkets.fr\/app\/wp-json\/wp\/v2\/product\/1585075"}],"collection":[{"href":"https:\/\/streetmarkets.fr\/app\/wp-json\/wp\/v2\/product"}],"about":[{"href":"https:\/\/streetmarkets.fr\/app\/wp-json\/wp\/v2\/types\/product"}],"replies":[{"embeddable":true,"href":"https:\/\/streetmarkets.fr\/app\/wp-json\/wp\/v2\/comments?post=1585075"}],"wp:featuredmedia":[{"embeddable":true,"href":"https:\/\/streetmarkets.fr\/app\/wp-json\/wp\/v2\/media\/1585076"}],"wp:attachment":[{"href":"https:\/\/streetmarkets.fr\/app\/wp-json\/wp\/v2\/media?parent=1585075"}],"wp:term":[{"taxonomy":"product_brand","embeddable":true,"href":"https:\/\/streetmarkets.fr\/app\/wp-json\/wp\/v2\/product_brand?post=1585075"},{"taxonomy":"product_cat","embeddable":true,"href":"https:\/\/streetmarkets.fr\/app\/wp-json\/wp\/v2\/product_cat?post=1585075"},{"taxonomy":"product_tag","embeddable":true,"href":"https:\/\/streetmarkets.fr\/app\/wp-json\/wp\/v2\/product_tag?post=1585075"}],"curies":[{"name":"wp","href":"https:\/\/api.w.org\/{rel}","templated":true}]}}