{"id":1580392,"date":"2025-03-25T00:39:43","date_gmt":"2025-03-24T23:39:43","guid":{"rendered":"https:\/\/streetmarkets.fr\/app\/produit\/livre-fashion-now-2-2005\/"},"modified":"2026-04-17T01:39:37","modified_gmt":"2026-04-16T23:39:37","slug":"livre-fashion-now-2-2005","status":"publish","type":"product","link":"https:\/\/streetmarkets.fr\/app\/produit\/livre-fashion-now-2-2005\/","title":{"rendered":"LIVRE FASHION NOW 2 2005"},"content":{"rendered":"<p>LIVRE FASHION NOW 2005 I-D SELECTS THE WORLD&#8217;S 160 FAVORITE DESIGNERS FRO AROUND RHE WOLRD PAR TERRY JONES ET SUSIE RUSHTON \u00c9DITIONS TASCHEN<\/p>\n<p>LANGUES : ANGLAIS\/ALLEMAND\/FRAN\u00c7AIS<\/p>\n<p>CONDITIONS : BON \u00c9TAT G\u00c9N\u00c9RAL (COUVERTURE JAUNIES AVEC QUELQUES TRACES D&#8217;SURE)<\/p>\n","protected":false},"excerpt":{"rendered":"<p>LIVRE FASHION NOW 2005 I-D SELECTS THE WORLD&#8217;S 160 FAVORITE DESIGNERS FRO AROUND RHE WOLRD PAR TERRY JONES ET SUSIE RUSHTON \u00c9DITIONS TASCHEN LANGUES : ANGLAIS\/ALLEMAND\/FRAN\u00c7AIS CONDITIONS : BON \u00c9TAT G\u00c9N\u00c9RAL (COUVERTURE JAUNIES AVEC QUELQUES TRACES D&#8217;SURE)<\/p>\n","protected":false},"featured_media":1580393,"comment_status":"open","ping_status":"closed","template":"","meta":[],"product_brand":[],"product_cat":[1756,1760],"product_tag":[2122],"acf":[],"_links":{"self":[{"href":"https:\/\/streetmarkets.fr\/app\/wp-json\/wp\/v2\/product\/1580392"}],"collection":[{"href":"https:\/\/streetmarkets.fr\/app\/wp-json\/wp\/v2\/product"}],"about":[{"href":"https:\/\/streetmarkets.fr\/app\/wp-json\/wp\/v2\/types\/product"}],"replies":[{"embeddable":true,"href":"https:\/\/streetmarkets.fr\/app\/wp-json\/wp\/v2\/comments?post=1580392"}],"wp:featuredmedia":[{"embeddable":true,"href":"https:\/\/streetmarkets.fr\/app\/wp-json\/wp\/v2\/media\/1580393"}],"wp:attachment":[{"href":"https:\/\/streetmarkets.fr\/app\/wp-json\/wp\/v2\/media?parent=1580392"}],"wp:term":[{"taxonomy":"product_brand","embeddable":true,"href":"https:\/\/streetmarkets.fr\/app\/wp-json\/wp\/v2\/product_brand?post=1580392"},{"taxonomy":"product_cat","embeddable":true,"href":"https:\/\/streetmarkets.fr\/app\/wp-json\/wp\/v2\/product_cat?post=1580392"},{"taxonomy":"product_tag","embeddable":true,"href":"https:\/\/streetmarkets.fr\/app\/wp-json\/wp\/v2\/product_tag?post=1580392"}],"curies":[{"name":"wp","href":"https:\/\/api.w.org\/{rel}","templated":true}]}}