{"id":1580386,"date":"2025-03-25T00:39:42","date_gmt":"2025-03-24T23:39:42","guid":{"rendered":"https:\/\/streetmarkets.fr\/app\/produit\/livre-fashion-now-2007\/"},"modified":"2026-04-10T01:39:41","modified_gmt":"2026-04-09T23:39:41","slug":"livre-fashion-now-2007","status":"publish","type":"product","link":"https:\/\/streetmarkets.fr\/app\/produit\/livre-fashion-now-2007\/","title":{"rendered":"LIVRE FASHION NOW 2007"},"content":{"rendered":"<p>LIVRE FASHION NOW 2007 I-D SELECTS THE WORLD&#8217;S 150 MOST IMPORTANT DESIGNERS PAR TERRY JONES ET AVRIL MAIR \u00c9DITIONS TASCHEN<\/p>\n<p>LANGUES : ANGLAIS\/ALLEMAND\/FRAN\u00c7AIS<\/p>\n<p>CONDITIONS : BON \u00c9TAT G\u00c9N\u00c9RAL (COUVERTURE JAUNIES AVEC QUELQUES TRACES D&#8217;SURE)<\/p>\n","protected":false},"excerpt":{"rendered":"<p>LIVRE FASHION NOW 2007 I-D SELECTS THE WORLD&#8217;S 150 MOST IMPORTANT DESIGNERS PAR TERRY JONES ET AVRIL MAIR \u00c9DITIONS TASCHEN LANGUES : ANGLAIS\/ALLEMAND\/FRAN\u00c7AIS CONDITIONS : BON \u00c9TAT G\u00c9N\u00c9RAL (COUVERTURE JAUNIES AVEC QUELQUES TRACES D&#8217;SURE)<\/p>\n","protected":false},"featured_media":1580387,"comment_status":"open","ping_status":"closed","template":"","meta":[],"product_brand":[],"product_cat":[1756,1760],"product_tag":[2122],"acf":[],"_links":{"self":[{"href":"https:\/\/streetmarkets.fr\/app\/wp-json\/wp\/v2\/product\/1580386"}],"collection":[{"href":"https:\/\/streetmarkets.fr\/app\/wp-json\/wp\/v2\/product"}],"about":[{"href":"https:\/\/streetmarkets.fr\/app\/wp-json\/wp\/v2\/types\/product"}],"replies":[{"embeddable":true,"href":"https:\/\/streetmarkets.fr\/app\/wp-json\/wp\/v2\/comments?post=1580386"}],"wp:featuredmedia":[{"embeddable":true,"href":"https:\/\/streetmarkets.fr\/app\/wp-json\/wp\/v2\/media\/1580387"}],"wp:attachment":[{"href":"https:\/\/streetmarkets.fr\/app\/wp-json\/wp\/v2\/media?parent=1580386"}],"wp:term":[{"taxonomy":"product_brand","embeddable":true,"href":"https:\/\/streetmarkets.fr\/app\/wp-json\/wp\/v2\/product_brand?post=1580386"},{"taxonomy":"product_cat","embeddable":true,"href":"https:\/\/streetmarkets.fr\/app\/wp-json\/wp\/v2\/product_cat?post=1580386"},{"taxonomy":"product_tag","embeddable":true,"href":"https:\/\/streetmarkets.fr\/app\/wp-json\/wp\/v2\/product_tag?post=1580386"}],"curies":[{"name":"wp","href":"https:\/\/api.w.org\/{rel}","templated":true}]}}