{"id":1568738,"date":"2025-03-22T03:05:42","date_gmt":"2025-03-22T02:05:42","guid":{"rendered":"https:\/\/streetmarkets.fr\/app\/produit\/work-short-washed-canvas\/"},"modified":"2026-05-03T03:50:33","modified_gmt":"2026-05-03T01:50:33","slug":"work-short-washed-canvas","status":"publish","type":"product","link":"https:\/\/streetmarkets.fr\/app\/produit\/work-short-washed-canvas\/","title":{"rendered":"Work Short Washed Canvas"},"content":{"rendered":"<p style=\"text-align: center\"><strong><span data-sheets-root=\"1\">Les produits St\u00fcssy ne peuvent \u00eatre exp\u00e9di\u00e9s<br \/>Seul le retrait en boutique \u00e0 Paris est possible via le site Internet<\/span><\/strong><\/p>\n<p>Short ample en toile de coton lav\u00e9e \u00e0 la pierre de 12,5 oz. Coupe ample avec une taille d\u00e9contract\u00e9e. Il est dot\u00e9 d&#8217;une tige en nickel et d&#8217;une \u00e9tiquette St\u00fcssy authentic workgear sur la poche arri\u00e8re. Taille inf\u00e9rieure pour un ajustement plus fid\u00e8le \u00e0 la taille.<\/p>\n<ul>\n<li>Fermeture \u00e0 bouton et braguette zipp\u00e9e<\/li>\n<li>Cinq poches<\/li>\n<li>Poche utilitaire \u00e0 la cuisse<\/li>\n<li>Coupe ample<\/li>\n<li>Taille d\u00e9contract\u00e9e<\/li>\n<li>Unisexe<\/li>\n<\/ul>\n<p>112327 1001<\/p>\n","protected":false},"excerpt":{"rendered":"<p>Les produits St\u00fcssy ne peuvent \u00eatre exp\u00e9di\u00e9sSeul le retrait en boutique \u00e0 Paris est possible via le site Internet Short ample en toile de coton lav\u00e9e \u00e0 la pierre de 12,5 oz. Coupe ample avec une taille d\u00e9contract\u00e9e. Il est dot\u00e9 d&#8217;une tige en nickel et d&#8217;une \u00e9tiquette St\u00fcssy authentic workgear sur la poche arri\u00e8re. [&hellip;]<\/p>\n","protected":false},"featured_media":1568739,"comment_status":"open","ping_status":"closed","template":"","meta":[],"product_brand":[],"product_cat":[1756,1758],"product_tag":[2244,1811],"acf":[],"_links":{"self":[{"href":"https:\/\/streetmarkets.fr\/app\/wp-json\/wp\/v2\/product\/1568738"}],"collection":[{"href":"https:\/\/streetmarkets.fr\/app\/wp-json\/wp\/v2\/product"}],"about":[{"href":"https:\/\/streetmarkets.fr\/app\/wp-json\/wp\/v2\/types\/product"}],"replies":[{"embeddable":true,"href":"https:\/\/streetmarkets.fr\/app\/wp-json\/wp\/v2\/comments?post=1568738"}],"wp:featuredmedia":[{"embeddable":true,"href":"https:\/\/streetmarkets.fr\/app\/wp-json\/wp\/v2\/media\/1568739"}],"wp:attachment":[{"href":"https:\/\/streetmarkets.fr\/app\/wp-json\/wp\/v2\/media?parent=1568738"}],"wp:term":[{"taxonomy":"product_brand","embeddable":true,"href":"https:\/\/streetmarkets.fr\/app\/wp-json\/wp\/v2\/product_brand?post=1568738"},{"taxonomy":"product_cat","embeddable":true,"href":"https:\/\/streetmarkets.fr\/app\/wp-json\/wp\/v2\/product_cat?post=1568738"},{"taxonomy":"product_tag","embeddable":true,"href":"https:\/\/streetmarkets.fr\/app\/wp-json\/wp\/v2\/product_tag?post=1568738"}],"curies":[{"name":"wp","href":"https:\/\/api.w.org\/{rel}","templated":true}]}}