{"id":1568700,"date":"2025-03-22T03:05:37","date_gmt":"2025-03-22T02:05:37","guid":{"rendered":"https:\/\/streetmarkets.fr\/app\/produit\/beach-shell-wave-dye-2\/"},"modified":"2026-05-09T03:50:32","modified_gmt":"2026-05-09T01:50:32","slug":"beach-shell-wave-dye-2","status":"publish","type":"product","link":"https:\/\/streetmarkets.fr\/app\/produit\/beach-shell-wave-dye-2\/","title":{"rendered":"Beach Shell Wave Dye"},"content":{"rendered":"<p style=\"text-align: center\"><strong><span data-sheets-root=\"1\">Les produits St\u00fcssy ne peuvent \u00eatre exp\u00e9di\u00e9s<br \/>Seul le retrait en boutique \u00e0 Paris est possible via le site Internet<\/span><\/strong><\/p>\n<p>Veste d\u00e9contract\u00e9e en nylon textur\u00e9 teint dans la masse. Fermeture \u00e0 glissi\u00e8re sur le devant avec cordons de serrage r\u00e9glables au niveau de la capuche et de l&#8217;ourlet. Le logo St\u00fcssy est imprim\u00e9 sur la poitrine gauche et dans le dos.<\/p>\n<ul>\n<li>Fermeture \u00e0 glissi\u00e8re en m\u00e9tal #5 YKK<\/li>\n<li>Tirette en tissu<\/li>\n<li>Poche avant plaqu\u00e9e avec boutons-pression dissimul\u00e9s<\/li>\n<li>Ventilation arri\u00e8re avec panneau int\u00e9rieur en maille<\/li>\n<li>Poignets \u00e9lastiques<\/li>\n<li>Ouvertures d&#8217;a\u00e9ration \u00e0 \u0153illets m\u00e9talliques sous les bras<\/li>\n<li>Manches raglan<\/li>\n<li>Unisexe<\/li>\n<\/ul>\n<p><span>100% nylon<\/span><\/p>\n<p>Fabriqu\u00e9 en Chine<\/p>\n<p>115745 1207<\/p>\n","protected":false},"excerpt":{"rendered":"<p>Les produits St\u00fcssy ne peuvent \u00eatre exp\u00e9di\u00e9sSeul le retrait en boutique \u00e0 Paris est possible via le site Internet Veste d\u00e9contract\u00e9e en nylon textur\u00e9 teint dans la masse. Fermeture \u00e0 glissi\u00e8re sur le devant avec cordons de serrage r\u00e9glables au niveau de la capuche et de l&#8217;ourlet. Le logo St\u00fcssy est imprim\u00e9 sur la poitrine [&hellip;]<\/p>\n","protected":false},"featured_media":1568701,"comment_status":"open","ping_status":"closed","template":"","meta":[],"product_brand":[],"product_cat":[1756,1758],"product_tag":[2244,1811],"acf":[],"_links":{"self":[{"href":"https:\/\/streetmarkets.fr\/app\/wp-json\/wp\/v2\/product\/1568700"}],"collection":[{"href":"https:\/\/streetmarkets.fr\/app\/wp-json\/wp\/v2\/product"}],"about":[{"href":"https:\/\/streetmarkets.fr\/app\/wp-json\/wp\/v2\/types\/product"}],"replies":[{"embeddable":true,"href":"https:\/\/streetmarkets.fr\/app\/wp-json\/wp\/v2\/comments?post=1568700"}],"wp:featuredmedia":[{"embeddable":true,"href":"https:\/\/streetmarkets.fr\/app\/wp-json\/wp\/v2\/media\/1568701"}],"wp:attachment":[{"href":"https:\/\/streetmarkets.fr\/app\/wp-json\/wp\/v2\/media?parent=1568700"}],"wp:term":[{"taxonomy":"product_brand","embeddable":true,"href":"https:\/\/streetmarkets.fr\/app\/wp-json\/wp\/v2\/product_brand?post=1568700"},{"taxonomy":"product_cat","embeddable":true,"href":"https:\/\/streetmarkets.fr\/app\/wp-json\/wp\/v2\/product_cat?post=1568700"},{"taxonomy":"product_tag","embeddable":true,"href":"https:\/\/streetmarkets.fr\/app\/wp-json\/wp\/v2\/product_tag?post=1568700"}],"curies":[{"name":"wp","href":"https:\/\/api.w.org\/{rel}","templated":true}]}}