{"id":1564768,"date":"2025-03-22T01:08:24","date_gmt":"2025-03-22T00:08:24","guid":{"rendered":"https:\/\/streetmarkets.fr\/app\/produit\/robe-longue-asymetrique-brooklyn-s25-femme-black-orchid\/"},"modified":"2025-06-26T01:50:34","modified_gmt":"2025-06-25T23:50:34","slug":"robe-longue-asymetrique-brooklyn-s25-femme-black-orchid","status":"publish","type":"product","link":"https:\/\/streetmarkets.fr\/app\/produit\/robe-longue-asymetrique-brooklyn-s25-femme-black-orchid\/","title":{"rendered":"Robe Longue Asym\u00e9trique Brooklyn (S25 \/ FEMME \/ Black Orchid)"},"content":{"rendered":"<p>Beaucoup d\u2019allure pour cette robe longue orn\u00e9e d\u2019un imprim\u00e9 fleuri. Elle dessine une silhouette captivante avec un d\u00e9collet\u00e9 asym\u00e9trique et une taille fronc\u00e9e ajust\u00e9e.<\/p>\n<p>&#8211; Robe longue sans manches Femme<br \/>\n<br \/>&#8211; Imprim\u00e9 fleuri<br \/>\n<br \/>&#8211; D\u00e9collet\u00e9 asym\u00e9trique<br \/>\n<br \/>&#8211; Taille fronc\u00e9e ajust\u00e9e<br \/>\n<br \/>&#8211; Coupe regular<\/p>\n","protected":false},"excerpt":{"rendered":"<p>Beaucoup d\u2019allure pour cette robe longue orn\u00e9e d\u2019un imprim\u00e9 fleuri. Elle dessine une silhouette captivante avec un d\u00e9collet\u00e9 asym\u00e9trique et une taille fronc\u00e9e ajust\u00e9e. &#8211; Robe longue sans manches Femme &#8211; Imprim\u00e9 fleuri &#8211; D\u00e9collet\u00e9 asym\u00e9trique &#8211; Taille fronc\u00e9e ajust\u00e9e &#8211; Coupe regular<\/p>\n","protected":false},"featured_media":1564769,"comment_status":"open","ping_status":"closed","template":"","meta":[],"product_brand":[6868],"product_cat":[1756,1762],"product_tag":[2244,1811],"acf":[],"_links":{"self":[{"href":"https:\/\/streetmarkets.fr\/app\/wp-json\/wp\/v2\/product\/1564768"}],"collection":[{"href":"https:\/\/streetmarkets.fr\/app\/wp-json\/wp\/v2\/product"}],"about":[{"href":"https:\/\/streetmarkets.fr\/app\/wp-json\/wp\/v2\/types\/product"}],"replies":[{"embeddable":true,"href":"https:\/\/streetmarkets.fr\/app\/wp-json\/wp\/v2\/comments?post=1564768"}],"wp:featuredmedia":[{"embeddable":true,"href":"https:\/\/streetmarkets.fr\/app\/wp-json\/wp\/v2\/media\/1564769"}],"wp:attachment":[{"href":"https:\/\/streetmarkets.fr\/app\/wp-json\/wp\/v2\/media?parent=1564768"}],"wp:term":[{"taxonomy":"product_brand","embeddable":true,"href":"https:\/\/streetmarkets.fr\/app\/wp-json\/wp\/v2\/product_brand?post=1564768"},{"taxonomy":"product_cat","embeddable":true,"href":"https:\/\/streetmarkets.fr\/app\/wp-json\/wp\/v2\/product_cat?post=1564768"},{"taxonomy":"product_tag","embeddable":true,"href":"https:\/\/streetmarkets.fr\/app\/wp-json\/wp\/v2\/product_tag?post=1564768"}],"curies":[{"name":"wp","href":"https:\/\/api.w.org\/{rel}","templated":true}]}}