{"id":1564692,"date":"2025-03-22T01:07:56","date_gmt":"2025-03-22T00:07:56","guid":{"rendered":"https:\/\/streetmarkets.fr\/app\/produit\/jupe-longue-strass-s25-femme-sky-yellow\/"},"modified":"2025-08-21T01:51:57","modified_gmt":"2025-08-20T23:51:57","slug":"jupe-longue-strass-s25-femme-sky-yellow","status":"publish","type":"product","link":"https:\/\/streetmarkets.fr\/app\/produit\/jupe-longue-strass-s25-femme-sky-yellow\/","title":{"rendered":"Jupe Longue Strass (S25 \/ FEMME \/ Sky Yellow)"},"content":{"rendered":"<p>&#8211; Jupe longue pliss\u00e9e 1 fils Femme<br \/>\n<br \/>&#8211; Strass<br \/>\n<br \/>&#8211; Taille \u00e9lastiqu\u00e9e<br \/>\n<br \/>&#8211; Bas \u00e9vas\u00e9<br \/>\n<br \/>&#8211; Coupe regular<\/p>\n","protected":false},"excerpt":{"rendered":"<p>&#8211; Jupe longue pliss\u00e9e 1 fils Femme &#8211; Strass &#8211; Taille \u00e9lastiqu\u00e9e &#8211; Bas \u00e9vas\u00e9 &#8211; Coupe regular<\/p>\n","protected":false},"featured_media":1564693,"comment_status":"open","ping_status":"closed","template":"","meta":[],"product_brand":[6868],"product_cat":[1756,1762],"product_tag":[2244],"acf":[],"_links":{"self":[{"href":"https:\/\/streetmarkets.fr\/app\/wp-json\/wp\/v2\/product\/1564692"}],"collection":[{"href":"https:\/\/streetmarkets.fr\/app\/wp-json\/wp\/v2\/product"}],"about":[{"href":"https:\/\/streetmarkets.fr\/app\/wp-json\/wp\/v2\/types\/product"}],"replies":[{"embeddable":true,"href":"https:\/\/streetmarkets.fr\/app\/wp-json\/wp\/v2\/comments?post=1564692"}],"wp:featuredmedia":[{"embeddable":true,"href":"https:\/\/streetmarkets.fr\/app\/wp-json\/wp\/v2\/media\/1564693"}],"wp:attachment":[{"href":"https:\/\/streetmarkets.fr\/app\/wp-json\/wp\/v2\/media?parent=1564692"}],"wp:term":[{"taxonomy":"product_brand","embeddable":true,"href":"https:\/\/streetmarkets.fr\/app\/wp-json\/wp\/v2\/product_brand?post=1564692"},{"taxonomy":"product_cat","embeddable":true,"href":"https:\/\/streetmarkets.fr\/app\/wp-json\/wp\/v2\/product_cat?post=1564692"},{"taxonomy":"product_tag","embeddable":true,"href":"https:\/\/streetmarkets.fr\/app\/wp-json\/wp\/v2\/product_tag?post=1564692"}],"curies":[{"name":"wp","href":"https:\/\/api.w.org\/{rel}","templated":true}]}}