{"id":1564663,"date":"2025-03-22T01:07:15","date_gmt":"2025-03-22T00:07:15","guid":{"rendered":"https:\/\/streetmarkets.fr\/app\/produit\/nouveau-masscob-veste-connils-rose\/"},"modified":"2025-08-06T02:05:23","modified_gmt":"2025-08-06T00:05:23","slug":"nouveau-masscob-veste-connils-rose","status":"publish","type":"product","link":"https:\/\/streetmarkets.fr\/app\/produit\/nouveau-masscob-veste-connils-rose\/","title":{"rendered":"MASSCOB Veste Connils Rose"},"content":{"rendered":"<p data-rte-preserve-empty=\"true\">Veste boutonn\u00e9e en coton, coupe ample, manches longues et poignets resserr\u00e9s, emmanchure large, une poche plaqu\u00e9e devant. \u00c9galement disponible dans la couleur Liquen. Coton souple et comfy. Le mod\u00e8le taille grand. <\/p>\n<p data-rte-preserve-empty=\"true\">D\u00e9tail : 100% coton<\/p>\n","protected":false},"excerpt":{"rendered":"<p>Veste boutonn\u00e9e en coton, coupe ample, manches longues et poignets resserr\u00e9s, emmanchure large, une poche plaqu\u00e9e devant. \u00c9galement disponible dans la couleur Liquen. Coton souple et comfy. Le mod\u00e8le taille grand. D\u00e9tail : 100% coton<\/p>\n","protected":false},"featured_media":1564664,"comment_status":"open","ping_status":"closed","template":"","meta":[],"product_brand":[],"product_cat":[1756,1762],"product_tag":[2244],"acf":[],"_links":{"self":[{"href":"https:\/\/streetmarkets.fr\/app\/wp-json\/wp\/v2\/product\/1564663"}],"collection":[{"href":"https:\/\/streetmarkets.fr\/app\/wp-json\/wp\/v2\/product"}],"about":[{"href":"https:\/\/streetmarkets.fr\/app\/wp-json\/wp\/v2\/types\/product"}],"replies":[{"embeddable":true,"href":"https:\/\/streetmarkets.fr\/app\/wp-json\/wp\/v2\/comments?post=1564663"}],"wp:featuredmedia":[{"embeddable":true,"href":"https:\/\/streetmarkets.fr\/app\/wp-json\/wp\/v2\/media\/1564664"}],"wp:attachment":[{"href":"https:\/\/streetmarkets.fr\/app\/wp-json\/wp\/v2\/media?parent=1564663"}],"wp:term":[{"taxonomy":"product_brand","embeddable":true,"href":"https:\/\/streetmarkets.fr\/app\/wp-json\/wp\/v2\/product_brand?post=1564663"},{"taxonomy":"product_cat","embeddable":true,"href":"https:\/\/streetmarkets.fr\/app\/wp-json\/wp\/v2\/product_cat?post=1564663"},{"taxonomy":"product_tag","embeddable":true,"href":"https:\/\/streetmarkets.fr\/app\/wp-json\/wp\/v2\/product_tag?post=1564663"}],"curies":[{"name":"wp","href":"https:\/\/api.w.org\/{rel}","templated":true}]}}