{"id":1564498,"date":"2025-03-22T00:48:56","date_gmt":"2025-03-21T23:48:56","guid":{"rendered":"https:\/\/streetmarkets.fr\/app\/produit\/chaussettes-daisy-fond-bleu-en-bambou\/"},"modified":"2026-04-29T01:43:59","modified_gmt":"2026-04-28T23:43:59","slug":"chaussettes-daisy-fond-bleu-en-bambou","status":"publish","type":"product","link":"https:\/\/streetmarkets.fr\/app\/produit\/chaussettes-daisy-fond-bleu-en-bambou\/","title":{"rendered":"Chaussettes daisy fond bleu en bambou"},"content":{"rendered":"<ul data-mce-fragment=\"1\">\n<li data-mce-fragment=\"1\">chaussettes femmes<\/li>\n<li data-mce-fragment=\"1\">motif <strong>marguerites<\/strong> en\u00a0<strong data-mce-fragment=\"1\">bambou<\/strong>,<span data-mce-fragment=\"1\">\u00a0<\/span><strong data-mce-fragment=\"1\">coton bio<\/strong><span data-mce-fragment=\"1\">\u00a0<\/span>et<span data-mce-fragment=\"1\">\u00a0<\/span><strong data-mce-fragment=\"1\">polyester recycl\u00e9<\/strong>\n<\/li>\n<li data-mce-fragment=\"1\">tr\u00e8s confortables<\/li>\n<li data-mce-fragment=\"1\">\n<strong data-mce-fragment=\"1\">anti-bact\u00e9rien<\/strong><span data-mce-fragment=\"1\">\u00a0<\/span>et anti-fongique<\/li>\n<li data-mce-fragment=\"1\">taille<span data-mce-fragment=\"1\">\u00a0<\/span><strong data-mce-fragment=\"1\">unique<\/strong>, 36\/40,<\/li>\n<li data-mce-fragment=\"1\">marque<span data-mce-fragment=\"1\">\u00a0<\/span><strong data-mce-fragment=\"1\">Thought<\/strong>\n<\/li>\n<li data-mce-fragment=\"1\">\n<strong data-mce-fragment=\"1\">best-seller<\/strong><span data-mce-fragment=\"1\">\u00a0<\/span>de la marque : une jolie <strong>id\u00e9e cadeau\u00a0<\/strong>\n<\/li>\n<\/ul>\n","protected":false},"excerpt":{"rendered":"<p>chaussettes femmes motif marguerites en\u00a0bambou,\u00a0coton bio\u00a0et\u00a0polyester recycl\u00e9 tr\u00e8s confortables anti-bact\u00e9rien\u00a0et anti-fongique taille\u00a0unique, 36\/40, marque\u00a0Thought best-seller\u00a0de la marque : une jolie id\u00e9e cadeau\u00a0<\/p>\n","protected":false},"featured_media":1564499,"comment_status":"open","ping_status":"closed","template":"","meta":[],"product_brand":[],"product_cat":[1756,1764],"product_tag":[1810],"acf":[],"_links":{"self":[{"href":"https:\/\/streetmarkets.fr\/app\/wp-json\/wp\/v2\/product\/1564498"}],"collection":[{"href":"https:\/\/streetmarkets.fr\/app\/wp-json\/wp\/v2\/product"}],"about":[{"href":"https:\/\/streetmarkets.fr\/app\/wp-json\/wp\/v2\/types\/product"}],"replies":[{"embeddable":true,"href":"https:\/\/streetmarkets.fr\/app\/wp-json\/wp\/v2\/comments?post=1564498"}],"wp:featuredmedia":[{"embeddable":true,"href":"https:\/\/streetmarkets.fr\/app\/wp-json\/wp\/v2\/media\/1564499"}],"wp:attachment":[{"href":"https:\/\/streetmarkets.fr\/app\/wp-json\/wp\/v2\/media?parent=1564498"}],"wp:term":[{"taxonomy":"product_brand","embeddable":true,"href":"https:\/\/streetmarkets.fr\/app\/wp-json\/wp\/v2\/product_brand?post=1564498"},{"taxonomy":"product_cat","embeddable":true,"href":"https:\/\/streetmarkets.fr\/app\/wp-json\/wp\/v2\/product_cat?post=1564498"},{"taxonomy":"product_tag","embeddable":true,"href":"https:\/\/streetmarkets.fr\/app\/wp-json\/wp\/v2\/product_tag?post=1564498"}],"curies":[{"name":"wp","href":"https:\/\/api.w.org\/{rel}","templated":true}]}}