{"id":1564494,"date":"2025-03-22T00:48:55","date_gmt":"2025-03-21T23:48:55","guid":{"rendered":"https:\/\/streetmarkets.fr\/app\/produit\/socquettes-lamas-en-coton-bio\/"},"modified":"2026-05-16T01:43:53","modified_gmt":"2026-05-15T23:43:53","slug":"socquettes-lamas-en-coton-bio","status":"publish","type":"product","link":"https:\/\/streetmarkets.fr\/app\/produit\/socquettes-lamas-en-coton-bio\/","title":{"rendered":"Socquettes lamas en coton bio"},"content":{"rendered":"<ul data-mce-fragment=\"1\">\n<li data-mce-fragment=\"1\">socquettes femmes<\/li>\n<li data-mce-fragment=\"1\">68,8 % <strong data-mce-fragment=\"1\">coton bio <\/strong>(certifi\u00e9<strong data-mce-fragment=\"1\"> Gots<\/strong>)<span data-mce-fragment=\"1\">,<\/span><span data-mce-fragment=\"1\"> 19,5% polyester <\/span><strong data-mce-fragment=\"1\">recycl\u00e9 <\/strong>(certifi\u00e9<strong data-mce-fragment=\"1\"><span data-mce-fragment=\"1\">\u00a0Global Recycled Standard<\/span><\/strong>)\u00a0, 9,9% nylon <strong>recycl\u00e9,<\/strong> 1,8%\u00a0\u00e9lasthanne<\/li>\n<li data-mce-fragment=\"1\">motif <strong>lama<\/strong> fond <b>bleu<\/b>\n<\/li>\n<li data-mce-fragment=\"1\">tr\u00e8s confortables<\/li>\n<li data-mce-fragment=\"1\">taille<span data-mce-fragment=\"1\">\u00a0<\/span><strong data-mce-fragment=\"1\">unique<\/strong>, 36\/40<\/li>\n<li data-mce-fragment=\"1\">marque<span data-mce-fragment=\"1\">\u00a0<\/span><strong data-mce-fragment=\"1\">Thought<\/strong>\n<\/li>\n<li data-mce-fragment=\"1\">\n<strong data-mce-fragment=\"1\">best-seller<\/strong><span data-mce-fragment=\"1\">\u00a0<\/span>de la marque<\/li>\n<\/ul>\n","protected":false},"excerpt":{"rendered":"<p>socquettes femmes 68,8 % coton bio (certifi\u00e9 Gots), 19,5% polyester recycl\u00e9 (certifi\u00e9\u00a0Global Recycled Standard)\u00a0, 9,9% nylon recycl\u00e9, 1,8%\u00a0\u00e9lasthanne motif lama fond bleu tr\u00e8s confortables taille\u00a0unique, 36\/40 marque\u00a0Thought best-seller\u00a0de la marque<\/p>\n","protected":false},"featured_media":1564495,"comment_status":"open","ping_status":"closed","template":"","meta":[],"product_brand":[],"product_cat":[1756,1764],"product_tag":[1810,1813],"acf":[],"_links":{"self":[{"href":"https:\/\/streetmarkets.fr\/app\/wp-json\/wp\/v2\/product\/1564494"}],"collection":[{"href":"https:\/\/streetmarkets.fr\/app\/wp-json\/wp\/v2\/product"}],"about":[{"href":"https:\/\/streetmarkets.fr\/app\/wp-json\/wp\/v2\/types\/product"}],"replies":[{"embeddable":true,"href":"https:\/\/streetmarkets.fr\/app\/wp-json\/wp\/v2\/comments?post=1564494"}],"wp:featuredmedia":[{"embeddable":true,"href":"https:\/\/streetmarkets.fr\/app\/wp-json\/wp\/v2\/media\/1564495"}],"wp:attachment":[{"href":"https:\/\/streetmarkets.fr\/app\/wp-json\/wp\/v2\/media?parent=1564494"}],"wp:term":[{"taxonomy":"product_brand","embeddable":true,"href":"https:\/\/streetmarkets.fr\/app\/wp-json\/wp\/v2\/product_brand?post=1564494"},{"taxonomy":"product_cat","embeddable":true,"href":"https:\/\/streetmarkets.fr\/app\/wp-json\/wp\/v2\/product_cat?post=1564494"},{"taxonomy":"product_tag","embeddable":true,"href":"https:\/\/streetmarkets.fr\/app\/wp-json\/wp\/v2\/product_tag?post=1564494"}],"curies":[{"name":"wp","href":"https:\/\/api.w.org\/{rel}","templated":true}]}}