{"id":1563887,"date":"2025-03-21T07:42:18","date_gmt":"2025-03-21T06:42:18","guid":{"rendered":"https:\/\/streetmarkets.fr\/app\/produit\/boucles-occhio-labradorite-labradorite\/"},"modified":"2026-05-08T08:38:13","modified_gmt":"2026-05-08T06:38:13","slug":"boucles-occhio-labradorite-labradorite","status":"publish","type":"product","link":"https:\/\/streetmarkets.fr\/app\/produit\/boucles-occhio-labradorite-labradorite\/","title":{"rendered":"Boucles Occhio labradorite &#8211; Labradorite"},"content":{"rendered":"<div title=\"Page 1\" class=\"page\" data-mce-fragment=\"1\">\n<div class=\"section\" data-mce-fragment=\"1\">\n<div class=\"layoutArea\" data-mce-fragment=\"1\">\n<div class=\"column\" data-mce-fragment=\"1\">\n<p data-mce-fragment=\"1\"><span data-mce-fragment=\"1\">Paire de Boucles d&#8217;oreilles pendantes plaqu\u00e9es or orn\u00e9es de 2 pierres labradorite en forme d&#8217;oeil et 5 mini-cha\u00eenes avec pierre<\/span><span data-mce-fragment=\"1\">\u00a0en citrine. \u00a0<\/span><\/p>\n<p data-mce-fragment=\"1\"><span data-mce-fragment=\"1\">Avec leur design original, ces boucles apporteront la touche finale d&#8217;\u00e9l\u00e9gance \u00e0 vos tenues.\u00a0<\/span><\/p>\n<\/div>\n<\/div>\n<\/div>\n<\/div>\n<p data-mce-fragment=\"1\"><strong data-mce-fragment=\"1\">Cr\u00e9atrice fran\u00e7aise<\/strong><span data-mce-fragment=\"1\">, Martine Menguy<\/span><\/p>\n","protected":false},"excerpt":{"rendered":"<p>Paire de Boucles d&#8217;oreilles pendantes plaqu\u00e9es or orn\u00e9es de 2 pierres labradorite en forme d&#8217;oeil et 5 mini-cha\u00eenes avec pierre\u00a0en citrine. \u00a0 Avec leur design original, ces boucles apporteront la touche finale d&#8217;\u00e9l\u00e9gance \u00e0 vos tenues.\u00a0 Cr\u00e9atrice fran\u00e7aise, Martine Menguy<\/p>\n","protected":false},"featured_media":1563888,"comment_status":"open","ping_status":"closed","template":"","meta":[],"product_brand":[],"product_cat":[1807,1756],"product_tag":[2244],"acf":[],"_links":{"self":[{"href":"https:\/\/streetmarkets.fr\/app\/wp-json\/wp\/v2\/product\/1563887"}],"collection":[{"href":"https:\/\/streetmarkets.fr\/app\/wp-json\/wp\/v2\/product"}],"about":[{"href":"https:\/\/streetmarkets.fr\/app\/wp-json\/wp\/v2\/types\/product"}],"replies":[{"embeddable":true,"href":"https:\/\/streetmarkets.fr\/app\/wp-json\/wp\/v2\/comments?post=1563887"}],"wp:featuredmedia":[{"embeddable":true,"href":"https:\/\/streetmarkets.fr\/app\/wp-json\/wp\/v2\/media\/1563888"}],"wp:attachment":[{"href":"https:\/\/streetmarkets.fr\/app\/wp-json\/wp\/v2\/media?parent=1563887"}],"wp:term":[{"taxonomy":"product_brand","embeddable":true,"href":"https:\/\/streetmarkets.fr\/app\/wp-json\/wp\/v2\/product_brand?post=1563887"},{"taxonomy":"product_cat","embeddable":true,"href":"https:\/\/streetmarkets.fr\/app\/wp-json\/wp\/v2\/product_cat?post=1563887"},{"taxonomy":"product_tag","embeddable":true,"href":"https:\/\/streetmarkets.fr\/app\/wp-json\/wp\/v2\/product_tag?post=1563887"}],"curies":[{"name":"wp","href":"https:\/\/api.w.org\/{rel}","templated":true}]}}